{"id":2123,"date":"2017-01-31T18:06:42","date_gmt":"2017-01-31T17:06:42","guid":{"rendered":"https:\/\/ridemontaione.com\/chi-siamo\/"},"modified":"2020-03-27T12:45:34","modified_gmt":"2020-03-27T11:45:34","slug":"qui-sommes-nous","status":"publish","type":"page","link":"https:\/\/ridemontaione.com\/fr\/qui-sommes-nous\/","title":{"rendered":"Qui sommes nous"},"content":{"rendered":"<p><div class=\"fusion-fullwidth fullwidth-box fusion-builder-row-1 nonhundred-percent-fullwidth non-hundred-percent-height-scrolling\" style=\"--awb-border-radius-top-left:0px;--awb-border-radius-top-right:0px;--awb-border-radius-bottom-right:0px;--awb-border-radius-bottom-left:0px;--awb-padding-top:20px;--awb-padding-bottom:20px;--awb-flex-wrap:wrap;\" ><div class=\"fusion-builder-row fusion-row\"><div class=\"fusion-layout-column fusion_builder_column fusion-builder-column-0 fusion_builder_column_1_1 1_1 fusion-one-full fusion-column-first fusion-column-last\" style=\"--awb-bg-size:cover;\"><div class=\"fusion-column-wrapper fusion-flex-column-wrapper-legacy\"><div class=\"fusion-text fusion-text-1\"><h2>Bonjour Biker,<br \/>\nje m&rsquo;appelle Lauro Lotti et je suis le fondateur du projet de cyclotourisme Ridemontaione.com \u00e0 Montaione en Toscane.<\/h2>\n<p>Je suis propri\u00e9taire de la <strong><a href=\"https:\/\/ridemontaione.com\/fr\/ou-dormir\/\">ferme de vacances pour cyclistes Belmonte Vacanze<\/a><\/strong> et <strong>j&rsquo;ai grandi \u00e0 v\u00e9lo<\/strong>, depuis que je suis jeune, <strong>sur les sentiers de la r\u00e9gion de Montaione<\/strong>.<\/p>\n<p>En 2009, j&rsquo;ai commenc\u00e9 \u00e0 travailler sur le <strong>projet Ridemontaione afin de pr\u00e9senter <\/strong>cette partie de la Toscane \u00e0 la communaut\u00e9 des passionn\u00e9s de VTT et de v\u00e9lo de route, <strong>une r\u00e9gion id\u00e9ale pour ceux qui aiment passer leurs vacances \u00e0 v\u00e9lo en Toscane<\/strong>.<\/p>\n<p>Merci \u00e9galement aux cyclistes locaux et aux administrateurs de la ville de Montaione, <strong>j\u2019ai commenc\u00e9 \u00e0 cartographier les plus beaux et les plus adapt\u00e9s des sentiers de VTT sur le territoire de Montaione et de ses environs<\/strong>.<br \/>\n<strong>J&rsquo;ai photographi\u00e9 tous les chemins, d\u00e9crit les chemins<\/strong>, dont vous pouvez trouver la traduction dans votre langue, <strong>et d\u00e9tect\u00e9 avec le GPS tous les itineraires que vous pouvez t\u00e9l\u00e9charger gratuitement sur Ridemontaione.com<\/strong><\/p>\n<p>J&rsquo;ai \u00e9galement travaill\u00e9 \u00e0 la cr\u00e9ation de <strong>15 tours guid\u00e9es<\/strong>\u00a0<strong>que vous pouvez r\u00e9server<\/strong> pour avoir la possibilit\u00e9 de visiter <strong>les paysages et les sentiers les plus divertissants avec une vue imprenable sur la campagne environnante<\/strong>, non seulement de Montaione, mais \u00e9galement de Volterra, Castefliorentino, Montesperotli, Certaldo et Monteriggioni.<\/p>\n<p>Chaque ann\u00e9e, nous travaillons \u00e0 la cr\u00e9ation de <strong>nouveaux itin\u00e9raires et de nouvelles aventures en VTT<\/strong> pour vos prochaines vacances en VTT en Toscane.<\/p>\n<p>Chaque ann\u00e9e, nous travaillons \u00e0 faire de notre <strong>ferme de vacances bike friendly Belmonte Vacanze un lieu accueillant pour les cyclistes<\/strong>, en ajoutant et en am\u00e9liorant les services dont chaque cycliste a besoin pendant ses vacances \u00e0 v\u00e9lo en Toscane.<\/p>\n<p>En 2014, <strong>nous avons demand\u00e9 \u00e0 Scott<\/strong>, marque internationale leader dans le monde du VTT, <strong>de<\/strong> <strong>devenir leur partenaire<\/strong> et d&rsquo;ouvrir un centre de location officiel Scott au sein de notre ferme.<br \/>\nCe fut une grande satisfaction de recevoir cette possibilit\u00e9 de la part d&rsquo;une entreprise d&rsquo;un tel prestige qui a donn\u00e9 confiance \u00e0 dix ann\u00e9es de travail sur le territoire de Montaione d\u00e9di\u00e9 au monde du v\u00e9lo.<br \/>\nC&rsquo;est pourquoi <strong>nous disposons aujourd&rsquo;hui d&rsquo;un centre de location de Scott Aspect front et de Scott E-Scale hybride de la derni\u00e8re g\u00e9n\u00e9ration<\/strong>.<\/p>\n<h2>Nos tours guid\u00e9s<\/h2>\n<p>Pendant vos visites guid\u00e9es, <strong>vous ne serez accompagn\u00e9 que par des guides experts<\/strong> qui connaissent bien le territoire et qui vous <strong>accompagneront pour d\u00e9couvrir les sentiers les plus excitants et vous raconter l&rsquo;histoire du territoire que vous traversez<\/strong>.<br \/>\nNous sommes fiers de pouvoir collaborer avec <strong>Toscana Hiking Experience de Nicola Dainelli<\/strong>, avec des <strong>guides environnementaux r\u00e9guli\u00e8rement autoris\u00e9s<\/strong> conform\u00e9ment \u00e0 la loi r\u00e9gionale de la Toscane n. 86\/2016.<\/p>\n<p><strong>Nous vous attendons \u00e0 Belmonte Vacanze pour vivre les vacances \u00e0 v\u00e9lo les plus excitantes de la Toscane.<\/strong><br \/>\n<strong>\u00c0 bient\u00f4t!<\/strong><\/p>\n<\/div><div class=\"awb-gallery-wrapper awb-gallery-wrapper-1 button-span-no\"><div style=\"margin:-5px;--awb-bordersize:0px;\" class=\"fusion-gallery fusion-gallery-container fusion-grid-2 fusion-columns-total-2 fusion-gallery-layout-grid fusion-gallery-1\"><div style=\"padding:5px;\" class=\"fusion-grid-column fusion-gallery-column fusion-gallery-column-2 hover-type-none\"><div class=\"fusion-gallery-image\"><a href=\"https:\/\/ridemontaione.com\/wp-content\/uploads\/2019\/03\/chi.siamo_.ridemontaione.jpg\" rel=\"noreferrer\" data-rel=\"iLightbox[gallery_image_1]\" class=\"fusion-lightbox\" target=\"_self\"><img decoding=\"async\" src=\"https:\/\/ridemontaione.com\/wp-content\/uploads\/2019\/03\/chi.siamo_.ridemontaione.jpg\" width=\"1200\" height=\"797\" alt=\"\" title=\"chi.siamo.ridemontaione\" aria-label=\"chi.siamo.ridemontaione\" class=\"img-responsive wp-image-3789\" srcset=\"https:\/\/ridemontaione.com\/wp-content\/uploads\/2019\/03\/chi.siamo_.ridemontaione-200x133.jpg 200w, https:\/\/ridemontaione.com\/wp-content\/uploads\/2019\/03\/chi.siamo_.ridemontaione-400x266.jpg 400w, https:\/\/ridemontaione.com\/wp-content\/uploads\/2019\/03\/chi.siamo_.ridemontaione-600x399.jpg 600w, https:\/\/ridemontaione.com\/wp-content\/uploads\/2019\/03\/chi.siamo_.ridemontaione-800x531.jpg 800w, https:\/\/ridemontaione.com\/wp-content\/uploads\/2019\/03\/chi.siamo_.ridemontaione.jpg 1200w\" sizes=\"(min-width: 2200px) 100vw, (min-width: 712px) 548px, (min-width: 640px) 712px, \" \/><\/a><\/div><\/div><div style=\"padding:5px;\" class=\"fusion-grid-column fusion-gallery-column fusion-gallery-column-2 hover-type-none\"><div class=\"fusion-gallery-image\"><a href=\"https:\/\/ridemontaione.com\/wp-content\/uploads\/2019\/03\/guide.mtb_-1.jpg\" rel=\"noreferrer\" data-rel=\"iLightbox[gallery_image_1]\" class=\"fusion-lightbox\" target=\"_self\"><img decoding=\"async\" src=\"https:\/\/ridemontaione.com\/wp-content\/uploads\/2019\/03\/guide.mtb_-1.jpg\" width=\"1200\" height=\"900\" alt=\"\" title=\"guide.mtb\" aria-label=\"guide.mtb\" class=\"img-responsive wp-image-3800\" srcset=\"https:\/\/ridemontaione.com\/wp-content\/uploads\/2019\/03\/guide.mtb_-1-200x150.jpg 200w, https:\/\/ridemontaione.com\/wp-content\/uploads\/2019\/03\/guide.mtb_-1-400x300.jpg 400w, https:\/\/ridemontaione.com\/wp-content\/uploads\/2019\/03\/guide.mtb_-1-600x450.jpg 600w, https:\/\/ridemontaione.com\/wp-content\/uploads\/2019\/03\/guide.mtb_-1-800x600.jpg 800w, https:\/\/ridemontaione.com\/wp-content\/uploads\/2019\/03\/guide.mtb_-1.jpg 1200w\" sizes=\"(min-width: 2200px) 100vw, (min-width: 712px) 548px, (min-width: 640px) 712px, \" \/><\/a><\/div><\/div><div class=\"clearfix\"><\/div><\/div><\/div><div class=\"fusion-clearfix\"><\/div><\/div><\/div><\/div><\/div><div class=\"fusion-fullwidth fullwidth-box fusion-builder-row-2 nonhundred-percent-fullwidth non-hundred-percent-height-scrolling\" style=\"--awb-border-radius-top-left:0px;--awb-border-radius-top-right:0px;--awb-border-radius-bottom-right:0px;--awb-border-radius-bottom-left:0px;--awb-flex-wrap:wrap;\" ><div class=\"fusion-builder-row fusion-row\"><div class=\"fusion-layout-column fusion_builder_column fusion-builder-column-1 fusion_builder_column_1_1 1_1 fusion-one-full fusion-column-first fusion-column-last\" style=\"--awb-bg-size:cover;\"><div class=\"fusion-column-wrapper fusion-flex-column-wrapper-legacy\"><!-- Begin Mailchimp Signup Form -->\n<div id=\"mc_embed_signup\"><div class=\"fusion-text fusion-text-2\"><h2 style=\"text-align: center;\">Inscrivez-vous \u00e0 notre newsletter<\/h2>\n<p style=\"text-align: center;\">Saisissez votre adresse e-mail et restez inform\u00e9 des <strong>nouveaut\u00e9s<\/strong>, <strong>\u00e9v\u00e9nements<\/strong> et <strong>promotions<\/strong> r\u00e9serv\u00e9s aux membres.<\/p>\n<p style=\"text-align: center;\">Et exclusivement pour vous &#8230; une <span style=\"color: #333333;\"><strong>OFFRE SUPER SP\u00c9CIALE<\/strong><\/span> pour vos prochaines vacances \u00e0 v\u00e9lo.<br \/>\n<strong><span style=\"color: #333333;\">Uniquement pour les 10 premiers nouveaux membres!<\/span><\/strong><\/p>\n<\/div><form action=\"https:\/\/ridemontaione.us8.list-manage.com\/subscribe\/post?u=f56537335046efdf1a273f063&id=5b24f1abcc\" method=\"post\" id=\"mc-embedded-subscribe-form\" name=\"mc-embedded-subscribe-form\" class=\"validate\" target=\"_blank\" novalidate>\n    <div id=\"mc_embed_signup_scroll\">\n\t\n<div class=\"mc-field-group\">\n\t<input type=\"email\" value=\"\" name=\"EMAIL\" class=\"required email\" id=\"mce-EMAIL\" placeholder=\"example@email.com\">\n\t<small>J'ai lu et accept\u00e9 la <a href=\"https:\/\/www.iubenda.com\/privacy-policy\/91059774\/legal\" target=\"_blank\"><u>politique de confidentialit\u00e9<\/u><\/a><br><br><\/small>\n<\/div>\n\t<div id=\"mce-responses\" class=\"clear\">\n\t\t<div class=\"response\" id=\"mce-error-response\" style=\"display:none\"><\/div>\n\t\t<div class=\"response\" id=\"mce-success-response\" style=\"display:none\"><\/div>\n\t<\/div>    <!-- real people should not fill this in and expect good things - do not remove this or risk form bot signups-->\n    <div style=\"position: absolute; left: -5000px;\" aria-hidden=\"true\"><input type=\"text\" name=\"b_f56537335046efdf1a273f063_6c2eef75d1\" tabindex=\"-1\" value=\"\"><\/div>\n    <div class=\"clear\"><input type=\"submit\" value=\"Abonnez-vous \u00e0 la newsletter!\" name=\"subscribe\" id=\"mc-embedded-subscribe\" class=\"button\"><\/div>\n    <\/div>\n<\/form>\n<\/div>\n\n<!--End mc_embed_signup--><div class=\"fusion-clearfix\"><\/div><\/div><\/div><\/div><\/div><\/p>\n","protected":false},"excerpt":{"rendered":"","protected":false},"author":1,"featured_media":3719,"parent":0,"menu_order":0,"comment_status":"closed","ping_status":"closed","template":"","meta":{"_acf_changed":false,"footnotes":""},"class_list":["post-2123","page","type-page","status-publish","has-post-thumbnail","hentry"],"acf":[],"yoast_head":"<!-- This site is optimized with the Yoast SEO plugin v27.1.1 - https:\/\/yoast.com\/product\/yoast-seo-wordpress\/ -->\n<title>Qui sommes nous - Ride Montaione<\/title>\n<meta name=\"robots\" content=\"index, follow, max-snippet:-1, max-image-preview:large, max-video-preview:-1\" \/>\n<link rel=\"canonical\" href=\"https:\/\/ridemontaione.com\/fr\/qui-sommes-nous\/\" \/>\n<meta property=\"og:locale\" content=\"fr_FR\" \/>\n<meta property=\"og:type\" content=\"article\" \/>\n<meta property=\"og:title\" content=\"Qui sommes nous - Ride Montaione\" \/>\n<meta property=\"og:url\" content=\"https:\/\/ridemontaione.com\/fr\/qui-sommes-nous\/\" \/>\n<meta property=\"og:site_name\" content=\"Ride Montaione\" \/>\n<meta property=\"article:publisher\" content=\"https:\/\/www.facebook.com\/Ridemontaione\/\" \/>\n<meta property=\"article:modified_time\" content=\"2020-03-27T11:45:34+00:00\" \/>\n<meta property=\"og:image\" content=\"https:\/\/ridemontaione.com\/wp-content\/uploads\/2019\/03\/DSC_0013.jpg\" \/>\n\t<meta property=\"og:image:width\" content=\"1600\" \/>\n\t<meta property=\"og:image:height\" content=\"1063\" \/>\n\t<meta property=\"og:image:type\" content=\"image\/jpeg\" \/>\n<meta name=\"twitter:card\" content=\"summary_large_image\" \/>\n<meta name=\"twitter:label1\" content=\"Dur\u00e9e de lecture estim\u00e9e\" \/>\n\t<meta name=\"twitter:data1\" content=\"6 minutes\" \/>\n<script type=\"application\/ld+json\" class=\"yoast-schema-graph\">{\"@context\":\"https:\/\/schema.org\",\"@graph\":[{\"@type\":\"WebPage\",\"@id\":\"https:\/\/ridemontaione.com\/fr\/qui-sommes-nous\/\",\"url\":\"https:\/\/ridemontaione.com\/fr\/qui-sommes-nous\/\",\"name\":\"Qui sommes nous - Ride Montaione\",\"isPartOf\":{\"@id\":\"https:\/\/ridemontaione.com\/fr\/#website\"},\"primaryImageOfPage\":{\"@id\":\"https:\/\/ridemontaione.com\/fr\/qui-sommes-nous\/#primaryimage\"},\"image\":{\"@id\":\"https:\/\/ridemontaione.com\/fr\/qui-sommes-nous\/#primaryimage\"},\"thumbnailUrl\":\"https:\/\/ridemontaione.com\/wp-content\/uploads\/2019\/03\/DSC_0013.jpg\",\"datePublished\":\"2017-01-31T17:06:42+00:00\",\"dateModified\":\"2020-03-27T11:45:34+00:00\",\"breadcrumb\":{\"@id\":\"https:\/\/ridemontaione.com\/fr\/qui-sommes-nous\/#breadcrumb\"},\"inLanguage\":\"fr-FR\",\"potentialAction\":[{\"@type\":\"ReadAction\",\"target\":[\"https:\/\/ridemontaione.com\/fr\/qui-sommes-nous\/\"]}]},{\"@type\":\"ImageObject\",\"inLanguage\":\"fr-FR\",\"@id\":\"https:\/\/ridemontaione.com\/fr\/qui-sommes-nous\/#primaryimage\",\"url\":\"https:\/\/ridemontaione.com\/wp-content\/uploads\/2019\/03\/DSC_0013.jpg\",\"contentUrl\":\"https:\/\/ridemontaione.com\/wp-content\/uploads\/2019\/03\/DSC_0013.jpg\",\"width\":1600,\"height\":1063,\"caption\":\"Lauro Lotti is the founder of Ridemontaione and owner of Belmonte vacanze bike friendly agriturismo in toscana\"},{\"@type\":\"BreadcrumbList\",\"@id\":\"https:\/\/ridemontaione.com\/fr\/qui-sommes-nous\/#breadcrumb\",\"itemListElement\":[{\"@type\":\"ListItem\",\"position\":1,\"name\":\"Home\",\"item\":\"https:\/\/ridemontaione.com\/fr\/\"},{\"@type\":\"ListItem\",\"position\":2,\"name\":\"Qui sommes nous\"}]},{\"@type\":\"WebSite\",\"@id\":\"https:\/\/ridemontaione.com\/fr\/#website\",\"url\":\"https:\/\/ridemontaione.com\/fr\/\",\"name\":\"Ride Montaione\",\"description\":\"The best bike ride\\u0003 in Tuscany - Powered by Scott\",\"publisher\":{\"@id\":\"https:\/\/ridemontaione.com\/fr\/#organization\"},\"potentialAction\":[{\"@type\":\"SearchAction\",\"target\":{\"@type\":\"EntryPoint\",\"urlTemplate\":\"https:\/\/ridemontaione.com\/fr\/?s={search_term_string}\"},\"query-input\":{\"@type\":\"PropertyValueSpecification\",\"valueRequired\":true,\"valueName\":\"search_term_string\"}}],\"inLanguage\":\"fr-FR\"},{\"@type\":\"Organization\",\"@id\":\"https:\/\/ridemontaione.com\/fr\/#organization\",\"name\":\"Ridemontaione.com\",\"url\":\"https:\/\/ridemontaione.com\/fr\/\",\"logo\":{\"@type\":\"ImageObject\",\"inLanguage\":\"fr-FR\",\"@id\":\"https:\/\/ridemontaione.com\/fr\/#\/schema\/logo\/image\/\",\"url\":\"https:\/\/ridemontaione.com\/wp-content\/uploads\/2017\/02\/logo-mobile.png\",\"contentUrl\":\"https:\/\/ridemontaione.com\/wp-content\/uploads\/2017\/02\/logo-mobile.png\",\"width\":159,\"height\":78,\"caption\":\"Ridemontaione.com\"},\"image\":{\"@id\":\"https:\/\/ridemontaione.com\/fr\/#\/schema\/logo\/image\/\"},\"sameAs\":[\"https:\/\/www.facebook.com\/Ridemontaione\/\",\"https:\/\/www.youtube.com\/channel\/UCn30thBZpWDaTGtxtxtxbog\"]}]}<\/script>\n<!-- \/ Yoast SEO plugin. -->","yoast_head_json":{"title":"Qui sommes nous - Ride Montaione","robots":{"index":"index","follow":"follow","max-snippet":"max-snippet:-1","max-image-preview":"max-image-preview:large","max-video-preview":"max-video-preview:-1"},"canonical":"https:\/\/ridemontaione.com\/fr\/qui-sommes-nous\/","og_locale":"fr_FR","og_type":"article","og_title":"Qui sommes nous - Ride Montaione","og_url":"https:\/\/ridemontaione.com\/fr\/qui-sommes-nous\/","og_site_name":"Ride Montaione","article_publisher":"https:\/\/www.facebook.com\/Ridemontaione\/","article_modified_time":"2020-03-27T11:45:34+00:00","og_image":[{"width":1600,"height":1063,"url":"https:\/\/ridemontaione.com\/wp-content\/uploads\/2019\/03\/DSC_0013.jpg","type":"image\/jpeg"}],"twitter_card":"summary_large_image","twitter_misc":{"Dur\u00e9e de lecture estim\u00e9e":"6 minutes"},"schema":{"@context":"https:\/\/schema.org","@graph":[{"@type":"WebPage","@id":"https:\/\/ridemontaione.com\/fr\/qui-sommes-nous\/","url":"https:\/\/ridemontaione.com\/fr\/qui-sommes-nous\/","name":"Qui sommes nous - Ride Montaione","isPartOf":{"@id":"https:\/\/ridemontaione.com\/fr\/#website"},"primaryImageOfPage":{"@id":"https:\/\/ridemontaione.com\/fr\/qui-sommes-nous\/#primaryimage"},"image":{"@id":"https:\/\/ridemontaione.com\/fr\/qui-sommes-nous\/#primaryimage"},"thumbnailUrl":"https:\/\/ridemontaione.com\/wp-content\/uploads\/2019\/03\/DSC_0013.jpg","datePublished":"2017-01-31T17:06:42+00:00","dateModified":"2020-03-27T11:45:34+00:00","breadcrumb":{"@id":"https:\/\/ridemontaione.com\/fr\/qui-sommes-nous\/#breadcrumb"},"inLanguage":"fr-FR","potentialAction":[{"@type":"ReadAction","target":["https:\/\/ridemontaione.com\/fr\/qui-sommes-nous\/"]}]},{"@type":"ImageObject","inLanguage":"fr-FR","@id":"https:\/\/ridemontaione.com\/fr\/qui-sommes-nous\/#primaryimage","url":"https:\/\/ridemontaione.com\/wp-content\/uploads\/2019\/03\/DSC_0013.jpg","contentUrl":"https:\/\/ridemontaione.com\/wp-content\/uploads\/2019\/03\/DSC_0013.jpg","width":1600,"height":1063,"caption":"Lauro Lotti is the founder of Ridemontaione and owner of Belmonte vacanze bike friendly agriturismo in toscana"},{"@type":"BreadcrumbList","@id":"https:\/\/ridemontaione.com\/fr\/qui-sommes-nous\/#breadcrumb","itemListElement":[{"@type":"ListItem","position":1,"name":"Home","item":"https:\/\/ridemontaione.com\/fr\/"},{"@type":"ListItem","position":2,"name":"Qui sommes nous"}]},{"@type":"WebSite","@id":"https:\/\/ridemontaione.com\/fr\/#website","url":"https:\/\/ridemontaione.com\/fr\/","name":"Ride Montaione","description":"The best bike ride\u0003 in Tuscany - Powered by Scott","publisher":{"@id":"https:\/\/ridemontaione.com\/fr\/#organization"},"potentialAction":[{"@type":"SearchAction","target":{"@type":"EntryPoint","urlTemplate":"https:\/\/ridemontaione.com\/fr\/?s={search_term_string}"},"query-input":{"@type":"PropertyValueSpecification","valueRequired":true,"valueName":"search_term_string"}}],"inLanguage":"fr-FR"},{"@type":"Organization","@id":"https:\/\/ridemontaione.com\/fr\/#organization","name":"Ridemontaione.com","url":"https:\/\/ridemontaione.com\/fr\/","logo":{"@type":"ImageObject","inLanguage":"fr-FR","@id":"https:\/\/ridemontaione.com\/fr\/#\/schema\/logo\/image\/","url":"https:\/\/ridemontaione.com\/wp-content\/uploads\/2017\/02\/logo-mobile.png","contentUrl":"https:\/\/ridemontaione.com\/wp-content\/uploads\/2017\/02\/logo-mobile.png","width":159,"height":78,"caption":"Ridemontaione.com"},"image":{"@id":"https:\/\/ridemontaione.com\/fr\/#\/schema\/logo\/image\/"},"sameAs":["https:\/\/www.facebook.com\/Ridemontaione\/","https:\/\/www.youtube.com\/channel\/UCn30thBZpWDaTGtxtxtxbog"]}]}},"_links":{"self":[{"href":"https:\/\/ridemontaione.com\/fr\/wp-json\/wp\/v2\/pages\/2123","targetHints":{"allow":["GET"]}}],"collection":[{"href":"https:\/\/ridemontaione.com\/fr\/wp-json\/wp\/v2\/pages"}],"about":[{"href":"https:\/\/ridemontaione.com\/fr\/wp-json\/wp\/v2\/types\/page"}],"author":[{"embeddable":true,"href":"https:\/\/ridemontaione.com\/fr\/wp-json\/wp\/v2\/users\/1"}],"replies":[{"embeddable":true,"href":"https:\/\/ridemontaione.com\/fr\/wp-json\/wp\/v2\/comments?post=2123"}],"version-history":[{"count":8,"href":"https:\/\/ridemontaione.com\/fr\/wp-json\/wp\/v2\/pages\/2123\/revisions"}],"predecessor-version":[{"id":3983,"href":"https:\/\/ridemontaione.com\/fr\/wp-json\/wp\/v2\/pages\/2123\/revisions\/3983"}],"wp:featuredmedia":[{"embeddable":true,"href":"https:\/\/ridemontaione.com\/fr\/wp-json\/wp\/v2\/media\/3719"}],"wp:attachment":[{"href":"https:\/\/ridemontaione.com\/fr\/wp-json\/wp\/v2\/media?parent=2123"}],"curies":[{"name":"wp","href":"https:\/\/api.w.org\/{rel}","templated":true}]}}