{"id":1956,"date":"2017-03-24T15:36:08","date_gmt":"2017-03-24T14:36:08","guid":{"rendered":"https:\/\/ridemontaione.com\/?page_id=1956\/"},"modified":"2020-03-27T12:40:20","modified_gmt":"2020-03-27T11:40:20","slug":"le-territoire","status":"publish","type":"page","link":"https:\/\/ridemontaione.com\/fr\/le-territoire\/","title":{"rendered":"Le territoire"},"content":{"rendered":"<p><div class=\"fusion-fullwidth fullwidth-box fusion-builder-row-1 nonhundred-percent-fullwidth non-hundred-percent-height-scrolling\" style=\"--awb-border-radius-top-left:0px;--awb-border-radius-top-right:0px;--awb-border-radius-bottom-right:0px;--awb-border-radius-bottom-left:0px;--awb-padding-top:20px;--awb-padding-bottom:20px;--awb-flex-wrap:wrap;\" ><div class=\"fusion-builder-row fusion-row\"><div class=\"fusion-layout-column fusion_builder_column fusion-builder-column-0 fusion_builder_column_1_1 1_1 fusion-one-full fusion-column-first fusion-column-last\" style=\"--awb-bg-size:cover;\"><div class=\"fusion-column-wrapper fusion-flex-column-wrapper-legacy\"><div class=\"fusion-text fusion-text-1\"><h1>Le territoire de Montaione en Toscane (Italie)<\/h1>\n<p>Vous avez parcouru la moiti\u00e9 du globe \u00e0 la recherche de vacances amusantes? Les vacances sont trop pr\u00e9cieuses pour \u00eatre g\u00e2ch\u00e9es en s&rsquo;ennuyant!<br \/>\n<strong>Que diriez-vous de passer vos prochaines vacances dans un endroit o\u00f9 il y a tout ce qu&rsquo;un cycliste peut d\u00e9sirer?<\/strong><\/p>\n<p>Heureusement, il existe un rem\u00e8de efficace contre l&rsquo;ennui: la Toscane. Son air pur, ses merveilleux paysages et la vaste gamme de distractions actives qui lib\u00e8rent l&rsquo;esprit de ses tracas et donnent envie de se bouger.<br \/>\n<strong>Avec sa nature non contamin\u00e9e et son climat agr\u00e9able, la Toscane offre un cadre id\u00e9al pour des vacances actives d\u00e9di\u00e9es au sport<\/strong>, qui permettent d&rsquo;oublier le stress de la vie de tous les jours gr\u00e2ce \u00e0 une belle marche \u00e0 pied ou \u00e0 une randonn\u00e9e \u00e0 v\u00e9lo, en se mettant plein les yeux des beaut\u00e9s de la campagne toscane.<\/p>\n<p>Le cyclisme en Toscane est un sport tr\u00e8s populaire, qu&rsquo;il s&rsquo;agisse de parcours sur route sur des parcours peu fr\u00e9quent\u00e9s par les v\u00e9hicules \u00e0 moteur ou de parcours tout terrain au contact de la nature,\u00a0<strong>vous serez stup\u00e9fait par les panoramas et prendrez la mesure du paradis du cyclisme dans lequel vous vous trouvez.<\/strong><\/p>\n<p><strong>Pratiquer le cyclisme en Toscane, pour le sport ou par pur divertissement, constitue une v\u00e9ritable aventure.<\/strong><strong>\u00a0<\/strong>En faisant du cyclisme en Toscane, non seulement vous pourrez reprendre des forces en vous vous r\u00e9galant d&rsquo;aliments d\u00e9licieux et authentiques, dans l&rsquo;un des nombreux\u00a0<a href=\"https:\/\/www.ridemontaione.com\/fr\/ou-manger-en-toscane.html\">restaurants typiques<\/a>\u00a0de la r\u00e9gion, mais vous pourrez aussi vous relaxer au bord de la piscine de l&rsquo;une des multiples\u00a0<a href=\"https:\/\/www.ridemontaione.com\/fr\/ou-dormir-en-toscane.html\">structures d&rsquo;h\u00e9bergement<\/a>, apr\u00e8s une \u00e9prouvante randonn\u00e9e \u00e0 v\u00e9lo.<\/p>\n<p>Si vous aimez d\u00e9couvrir de nouveaux endroits depuis la selle de votre v\u00e9lo, vous trouverez sur le territoire de Montaione plus de 50km de\u00a0<a href=\"https:\/\/www.ridemontaione.com\/fr\/parcours-pour-vtt-et-velos-de-route-toscane\/parcours-et-itineraires-pour-vtt.html\">parcours pour VTT<\/a>\u00a0et des centaines de kilom\u00e8tres de routes asphalt\u00e9es o\u00f9 le trafic est peu important et qui sont adapt\u00e9es au\u00a0<a href=\"https:\/\/www.ridemontaione.com\/fr\/parcours-pour-vtt-et-velos-de-route-toscane\/parcours-pour-velos-de-route.html\">v\u00e9lo de route<\/a>.<\/p>\n<p>Le territoire de Montaione repr\u00e9sente l&rsquo;\u00abEldorado\u00bb des vacances sportives \u00e0 v\u00e9lo, avec son incroyable paysage suspendu entre terre et ciel. Paysages \u00e0 couper le souffle, d\u00e9cors de carte postale: c&rsquo;est la magie que procurent les randonn\u00e9es \u00e0 v\u00e9lo lorsque l&rsquo;on passe de 50 \u00e0 500 m\u00e8tres d&rsquo;altitude.<\/p>\n<p>Que vous ayez votre v\u00e9lo avec vous ou que vous aviez d\u00e9cid\u00e9 de profiter de notre\u00a0<a href=\"https:\/\/www.ridemontaione.com\/fr\/locations-de-velos-toscane.html\">location de v\u00e9los<\/a>, traverser le territoire de Montaione et ses environs fantastiques en v\u00e9lo vous donnera toujours\u00a0<strong>l&rsquo;occasion de vivre pleinement, sous le signe du bien-\u00eatre<\/strong>, en harmonie avec le paysage et en contact avec la nature, pour d\u00e9couvrir la Toscane d&rsquo;un point de vue diff\u00e9rent, \u00e7a peut-\u00eatre en participant \u00e0 une de nos\u00a0<a href=\"https:\/\/www.ridemontaione.com\/fr\/visites-guidees-velo-toscane.html\">visites guid\u00e9es<\/a>\u00a0que nous organisons tout au long de l&rsquo;ann\u00e9e.<\/p>\n<p>Passer ses vacances \u00e0 faire du sport et \u00e0 conqu\u00e9rir les alentours sur son v\u00e9lo de route ou en VTT, en surmontant courageusement les d\u00e9nivel\u00e9s, est le meilleur moyen pour d\u00e9couvrir le merveilleux territoire de Montaione. Vous serez r\u00e9compens\u00e9s par le spectacle de prodigieux paysages naturels et de vous retrouver en harmonie avec vous-m\u00eame, fatigu\u00e9s mais heureux et combl\u00e9s.<\/p>\n<p>RideMontaione.com invite les amis du deux roues \u00e0 parcourir et \u00e0 explorer tout le territoire de Montaione, en signalant des kilom\u00e8tres de divertissement cycliste \u00e0 l&rsquo;\u00e9tat pur.<\/p>\n<\/div><div class=\"fusion-clearfix\"><\/div><\/div><\/div><\/div><\/div><div class=\"fusion-fullwidth fullwidth-box fusion-builder-row-2 nonhundred-percent-fullwidth non-hundred-percent-height-scrolling\" style=\"--awb-border-radius-top-left:0px;--awb-border-radius-top-right:0px;--awb-border-radius-bottom-right:0px;--awb-border-radius-bottom-left:0px;--awb-flex-wrap:wrap;\" ><div class=\"fusion-builder-row fusion-row\"><div class=\"fusion-layout-column fusion_builder_column fusion-builder-column-1 fusion_builder_column_1_1 1_1 fusion-one-full fusion-column-first fusion-column-last\" style=\"--awb-bg-size:cover;\"><div class=\"fusion-column-wrapper fusion-flex-column-wrapper-legacy\"><!-- Begin Mailchimp Signup Form -->\n<div id=\"mc_embed_signup\"><div class=\"fusion-text fusion-text-2\"><h2 style=\"text-align: center;\">Inscrivez-vous \u00e0 notre newsletter<\/h2>\n<p style=\"text-align: center;\">Saisissez votre adresse e-mail et restez inform\u00e9 des <strong>nouveaut\u00e9s<\/strong>, <strong>\u00e9v\u00e9nements<\/strong> et <strong>promotions<\/strong> r\u00e9serv\u00e9s aux membres.<\/p>\n<p style=\"text-align: center;\">Et exclusivement pour vous &#8230; une <span style=\"color: #333333;\"><strong>OFFRE SUPER SP\u00c9CIALE<\/strong><\/span> pour vos prochaines vacances \u00e0 v\u00e9lo.<br \/>\n<strong><span style=\"color: #333333;\">Uniquement pour les 10 premiers nouveaux membres!<\/span><\/strong><\/p>\n<\/div><form action=\"https:\/\/ridemontaione.us8.list-manage.com\/subscribe\/post?u=f56537335046efdf1a273f063&id=5b24f1abcc\" method=\"post\" id=\"mc-embedded-subscribe-form\" name=\"mc-embedded-subscribe-form\" class=\"validate\" target=\"_blank\" novalidate>\n    <div id=\"mc_embed_signup_scroll\">\n\t\n<div class=\"mc-field-group\">\n\t<input type=\"email\" value=\"\" name=\"EMAIL\" class=\"required email\" id=\"mce-EMAIL\" placeholder=\"example@email.com\">\n\t<small>J'ai lu et accept\u00e9 la <a href=\"https:\/\/www.iubenda.com\/privacy-policy\/91059774\/legal\" target=\"_blank\"><u>politique de confidentialit\u00e9<\/u><\/a><br><br><\/small>\n<\/div>\n\t<div id=\"mce-responses\" class=\"clear\">\n\t\t<div class=\"response\" id=\"mce-error-response\" style=\"display:none\"><\/div>\n\t\t<div class=\"response\" id=\"mce-success-response\" style=\"display:none\"><\/div>\n\t<\/div>    <!-- real people should not fill this in and expect good things - do not remove this or risk form bot signups-->\n    <div style=\"position: absolute; left: -5000px;\" aria-hidden=\"true\"><input type=\"text\" name=\"b_f56537335046efdf1a273f063_6c2eef75d1\" tabindex=\"-1\" value=\"\"><\/div>\n    <div class=\"clear\"><input type=\"submit\" value=\"Abonnez-vous \u00e0 la newsletter!\" name=\"subscribe\" id=\"mc-embedded-subscribe\" class=\"button\"><\/div>\n    <\/div>\n<\/form>\n<\/div>\n\n<!--End mc_embed_signup--><div class=\"fusion-clearfix\"><\/div><\/div><\/div><\/div><\/div><\/p>\n","protected":false},"excerpt":{"rendered":"","protected":false},"author":4,"featured_media":0,"parent":0,"menu_order":0,"comment_status":"closed","ping_status":"closed","template":"","meta":{"_acf_changed":false,"footnotes":""},"class_list":["post-1956","page","type-page","status-publish","hentry"],"acf":[],"yoast_head":"<!-- This site is optimized with the Yoast SEO plugin v27.1.1 - https:\/\/yoast.com\/product\/yoast-seo-wordpress\/ -->\n<title>Le territoire - Ride Montaione<\/title>\n<meta name=\"robots\" content=\"index, follow, max-snippet:-1, max-image-preview:large, max-video-preview:-1\" \/>\n<link rel=\"canonical\" href=\"https:\/\/ridemontaione.com\/fr\/le-territoire\/\" \/>\n<meta property=\"og:locale\" content=\"fr_FR\" \/>\n<meta property=\"og:type\" content=\"article\" \/>\n<meta property=\"og:title\" content=\"Le territoire - Ride Montaione\" \/>\n<meta property=\"og:url\" content=\"https:\/\/ridemontaione.com\/fr\/le-territoire\/\" \/>\n<meta property=\"og:site_name\" content=\"Ride Montaione\" \/>\n<meta property=\"article:publisher\" content=\"https:\/\/www.facebook.com\/Ridemontaione\/\" \/>\n<meta property=\"article:modified_time\" content=\"2020-03-27T11:40:20+00:00\" \/>\n<meta property=\"og:image\" content=\"https:\/\/ridemontaione.com\/wp-content\/uploads\/2017\/01\/logo.png\" \/>\n\t<meta property=\"og:image:width\" content=\"199\" \/>\n\t<meta property=\"og:image:height\" content=\"98\" \/>\n\t<meta property=\"og:image:type\" content=\"image\/png\" \/>\n<meta name=\"twitter:card\" content=\"summary_large_image\" \/>\n<meta name=\"twitter:label1\" content=\"Dur\u00e9e de lecture estim\u00e9e\" \/>\n\t<meta name=\"twitter:data1\" content=\"6 minutes\" \/>\n<script type=\"application\/ld+json\" class=\"yoast-schema-graph\">{\"@context\":\"https:\/\/schema.org\",\"@graph\":[{\"@type\":\"WebPage\",\"@id\":\"https:\/\/ridemontaione.com\/fr\/le-territoire\/\",\"url\":\"https:\/\/ridemontaione.com\/fr\/le-territoire\/\",\"name\":\"Le territoire - Ride Montaione\",\"isPartOf\":{\"@id\":\"https:\/\/ridemontaione.com\/fr\/#website\"},\"datePublished\":\"2017-03-24T14:36:08+00:00\",\"dateModified\":\"2020-03-27T11:40:20+00:00\",\"breadcrumb\":{\"@id\":\"https:\/\/ridemontaione.com\/fr\/le-territoire\/#breadcrumb\"},\"inLanguage\":\"fr-FR\",\"potentialAction\":[{\"@type\":\"ReadAction\",\"target\":[\"https:\/\/ridemontaione.com\/fr\/le-territoire\/\"]}]},{\"@type\":\"BreadcrumbList\",\"@id\":\"https:\/\/ridemontaione.com\/fr\/le-territoire\/#breadcrumb\",\"itemListElement\":[{\"@type\":\"ListItem\",\"position\":1,\"name\":\"Home\",\"item\":\"https:\/\/ridemontaione.com\/fr\/\"},{\"@type\":\"ListItem\",\"position\":2,\"name\":\"Le territoire\"}]},{\"@type\":\"WebSite\",\"@id\":\"https:\/\/ridemontaione.com\/fr\/#website\",\"url\":\"https:\/\/ridemontaione.com\/fr\/\",\"name\":\"Ride Montaione\",\"description\":\"The best bike ride\\u0003 in Tuscany - Powered by Scott\",\"publisher\":{\"@id\":\"https:\/\/ridemontaione.com\/fr\/#organization\"},\"potentialAction\":[{\"@type\":\"SearchAction\",\"target\":{\"@type\":\"EntryPoint\",\"urlTemplate\":\"https:\/\/ridemontaione.com\/fr\/?s={search_term_string}\"},\"query-input\":{\"@type\":\"PropertyValueSpecification\",\"valueRequired\":true,\"valueName\":\"search_term_string\"}}],\"inLanguage\":\"fr-FR\"},{\"@type\":\"Organization\",\"@id\":\"https:\/\/ridemontaione.com\/fr\/#organization\",\"name\":\"Ridemontaione.com\",\"url\":\"https:\/\/ridemontaione.com\/fr\/\",\"logo\":{\"@type\":\"ImageObject\",\"inLanguage\":\"fr-FR\",\"@id\":\"https:\/\/ridemontaione.com\/fr\/#\/schema\/logo\/image\/\",\"url\":\"https:\/\/ridemontaione.com\/wp-content\/uploads\/2017\/02\/logo-mobile.png\",\"contentUrl\":\"https:\/\/ridemontaione.com\/wp-content\/uploads\/2017\/02\/logo-mobile.png\",\"width\":159,\"height\":78,\"caption\":\"Ridemontaione.com\"},\"image\":{\"@id\":\"https:\/\/ridemontaione.com\/fr\/#\/schema\/logo\/image\/\"},\"sameAs\":[\"https:\/\/www.facebook.com\/Ridemontaione\/\",\"https:\/\/www.youtube.com\/channel\/UCn30thBZpWDaTGtxtxtxbog\"]}]}<\/script>\n<!-- \/ Yoast SEO plugin. -->","yoast_head_json":{"title":"Le territoire - Ride Montaione","robots":{"index":"index","follow":"follow","max-snippet":"max-snippet:-1","max-image-preview":"max-image-preview:large","max-video-preview":"max-video-preview:-1"},"canonical":"https:\/\/ridemontaione.com\/fr\/le-territoire\/","og_locale":"fr_FR","og_type":"article","og_title":"Le territoire - Ride Montaione","og_url":"https:\/\/ridemontaione.com\/fr\/le-territoire\/","og_site_name":"Ride Montaione","article_publisher":"https:\/\/www.facebook.com\/Ridemontaione\/","article_modified_time":"2020-03-27T11:40:20+00:00","og_image":[{"width":199,"height":98,"url":"https:\/\/ridemontaione.com\/wp-content\/uploads\/2017\/01\/logo.png","type":"image\/png"}],"twitter_card":"summary_large_image","twitter_misc":{"Dur\u00e9e de lecture estim\u00e9e":"6 minutes"},"schema":{"@context":"https:\/\/schema.org","@graph":[{"@type":"WebPage","@id":"https:\/\/ridemontaione.com\/fr\/le-territoire\/","url":"https:\/\/ridemontaione.com\/fr\/le-territoire\/","name":"Le territoire - Ride Montaione","isPartOf":{"@id":"https:\/\/ridemontaione.com\/fr\/#website"},"datePublished":"2017-03-24T14:36:08+00:00","dateModified":"2020-03-27T11:40:20+00:00","breadcrumb":{"@id":"https:\/\/ridemontaione.com\/fr\/le-territoire\/#breadcrumb"},"inLanguage":"fr-FR","potentialAction":[{"@type":"ReadAction","target":["https:\/\/ridemontaione.com\/fr\/le-territoire\/"]}]},{"@type":"BreadcrumbList","@id":"https:\/\/ridemontaione.com\/fr\/le-territoire\/#breadcrumb","itemListElement":[{"@type":"ListItem","position":1,"name":"Home","item":"https:\/\/ridemontaione.com\/fr\/"},{"@type":"ListItem","position":2,"name":"Le territoire"}]},{"@type":"WebSite","@id":"https:\/\/ridemontaione.com\/fr\/#website","url":"https:\/\/ridemontaione.com\/fr\/","name":"Ride Montaione","description":"The best bike ride\u0003 in Tuscany - Powered by Scott","publisher":{"@id":"https:\/\/ridemontaione.com\/fr\/#organization"},"potentialAction":[{"@type":"SearchAction","target":{"@type":"EntryPoint","urlTemplate":"https:\/\/ridemontaione.com\/fr\/?s={search_term_string}"},"query-input":{"@type":"PropertyValueSpecification","valueRequired":true,"valueName":"search_term_string"}}],"inLanguage":"fr-FR"},{"@type":"Organization","@id":"https:\/\/ridemontaione.com\/fr\/#organization","name":"Ridemontaione.com","url":"https:\/\/ridemontaione.com\/fr\/","logo":{"@type":"ImageObject","inLanguage":"fr-FR","@id":"https:\/\/ridemontaione.com\/fr\/#\/schema\/logo\/image\/","url":"https:\/\/ridemontaione.com\/wp-content\/uploads\/2017\/02\/logo-mobile.png","contentUrl":"https:\/\/ridemontaione.com\/wp-content\/uploads\/2017\/02\/logo-mobile.png","width":159,"height":78,"caption":"Ridemontaione.com"},"image":{"@id":"https:\/\/ridemontaione.com\/fr\/#\/schema\/logo\/image\/"},"sameAs":["https:\/\/www.facebook.com\/Ridemontaione\/","https:\/\/www.youtube.com\/channel\/UCn30thBZpWDaTGtxtxtxbog"]}]}},"_links":{"self":[{"href":"https:\/\/ridemontaione.com\/fr\/wp-json\/wp\/v2\/pages\/1956","targetHints":{"allow":["GET"]}}],"collection":[{"href":"https:\/\/ridemontaione.com\/fr\/wp-json\/wp\/v2\/pages"}],"about":[{"href":"https:\/\/ridemontaione.com\/fr\/wp-json\/wp\/v2\/types\/page"}],"author":[{"embeddable":true,"href":"https:\/\/ridemontaione.com\/fr\/wp-json\/wp\/v2\/users\/4"}],"replies":[{"embeddable":true,"href":"https:\/\/ridemontaione.com\/fr\/wp-json\/wp\/v2\/comments?post=1956"}],"version-history":[{"count":5,"href":"https:\/\/ridemontaione.com\/fr\/wp-json\/wp\/v2\/pages\/1956\/revisions"}],"predecessor-version":[{"id":3979,"href":"https:\/\/ridemontaione.com\/fr\/wp-json\/wp\/v2\/pages\/1956\/revisions\/3979"}],"wp:attachment":[{"href":"https:\/\/ridemontaione.com\/fr\/wp-json\/wp\/v2\/media?parent=1956"}],"curies":[{"name":"wp","href":"https:\/\/api.w.org\/{rel}","templated":true}]}}