{"id":1796,"date":"2017-03-20T11:40:13","date_gmt":"2017-03-20T10:40:13","guid":{"rendered":"https:\/\/ridemontaione.com\/?page_id=1796\/"},"modified":"2020-03-27T14:36:18","modified_gmt":"2020-03-27T13:36:18","slug":"reservez-une-visite","status":"publish","type":"page","link":"https:\/\/ridemontaione.com\/fr\/visites-guidees\/reservez-une-visite\/","title":{"rendered":"R\u00e9servez une visite"},"content":{"rendered":"<p><div class=\"fusion-fullwidth fullwidth-box fusion-builder-row-1 nonhundred-percent-fullwidth non-hundred-percent-height-scrolling\" style=\"--awb-border-radius-top-left:0px;--awb-border-radius-top-right:0px;--awb-border-radius-bottom-right:0px;--awb-border-radius-bottom-left:0px;--awb-padding-top:20px;--awb-padding-bottom:20px;--awb-flex-wrap:wrap;\" ><div class=\"fusion-builder-row fusion-row\"><div class=\"fusion-layout-column fusion_builder_column fusion-builder-column-0 fusion_builder_column_1_5 1_5 fusion-one-fifth fusion-column-first\" style=\"--awb-bg-size:cover;width:20%;width:calc(20% - ( ( 4% + 4% ) * 0.2 ) );margin-right: 4%;\"><div class=\"fusion-column-wrapper fusion-flex-column-wrapper-legacy\"><div class=\"fusion-clearfix\"><\/div><\/div><\/div><div class=\"fusion-layout-column fusion_builder_column fusion-builder-column-1 fusion_builder_column_3_5 3_5 fusion-three-fifth\" style=\"--awb-bg-size:cover;width:60%;width:calc(60% - ( ( 4% + 4% ) * 0.6 ) );margin-right: 4%;\"><div class=\"fusion-column-wrapper fusion-flex-column-wrapper-legacy\"><div class=\"fusion-text fusion-text-1\"><ul>\n<li>Avant de r\u00e9server une visite guid\u00e9e, v\u00e9rifiez les caract\u00e9ristiques de la route, en particulier celles relatives \u00e0 la longueur et la difficult\u00e9 et assurez-vous que vous avez les comp\u00e9tences techniques et les caract\u00e9ristiques physiques n\u00e9cessaires \u00e0 la r\u00e9alisation de la route.<\/li>\n<li>Nous vous sugg\u00e9rons de choisir la robe appropri\u00e9e pour le type, la dur\u00e9e du tour et les conditons m\u00e9t\u00e9orologiques. Il est interdit l&rsquo;utilisation de pantoufles ou des sandales.<\/li>\n<li>Les enfants de moins de 18 ans doivent \u00eatre accompagn\u00e9s d&rsquo;un adulte (parent\/tuteur).<\/li>\n<\/ul>\n<hr \/>\n\n<div class=\"wpcf7 no-js\" id=\"wpcf7-f2425-o1\" lang=\"it-IT\" dir=\"ltr\" data-wpcf7-id=\"2425\">\n<div class=\"screen-reader-response\"><p role=\"status\" aria-live=\"polite\" aria-atomic=\"true\"><\/p> <ul><\/ul><\/div>\n<form action=\"\/fr\/wp-json\/wp\/v2\/pages\/1796#wpcf7-f2425-o1\" method=\"post\" class=\"wpcf7-form init\" aria-label=\"Modulo di contatto\" novalidate=\"novalidate\" data-status=\"init\">\n<fieldset class=\"hidden-fields-container\"><input type=\"hidden\" name=\"_wpcf7\" value=\"2425\" \/><input type=\"hidden\" name=\"_wpcf7_version\" value=\"6.1.5\" \/><input type=\"hidden\" name=\"_wpcf7_locale\" value=\"it_IT\" \/><input type=\"hidden\" name=\"_wpcf7_unit_tag\" value=\"wpcf7-f2425-o1\" \/><input type=\"hidden\" name=\"_wpcf7_container_post\" value=\"0\" \/><input type=\"hidden\" name=\"_wpcf7_posted_data_hash\" value=\"\" \/><input type=\"hidden\" name=\"_wpcf7_recaptcha_response\" value=\"\" \/>\n<\/fieldset>\n<p>Visite guid\u00e9e<br \/>\n<span class=\"wpcf7-form-control-wrap\" data-name=\"tour\"><select class=\"wpcf7-form-control wpcf7-select\" aria-invalid=\"false\" name=\"tour\"><option value=\"Montaione e il suo territorio facile\">Montaione e il suo territorio facile<\/option><option value=\"Montaione e il suo territorio\">Montaione e il suo territorio<\/option><option value=\"Pedalata al tramonto a Montaione (Santuario della Pietrina)\">Pedalata al tramonto a Montaione (Santuario della Pietrina)<\/option><option value=\"Pedalata al tramonto a Montaione (Poggio all\u2019Aglione)\">Pedalata al tramonto a Montaione (Poggio all\u2019Aglione)<\/option><option value=\"La Valdelsa e le colline di Castelfiorentino\">La Valdelsa e le colline di Castelfiorentino<\/option><option value=\"Montespertoli e le strade del vino\">Montespertoli e le strade del vino<\/option><option value=\"Da Montaione a San Gimignano per la Via Francigena\">Da Montaione a San Gimignano per la Via Francigena<\/option><option value=\"Giro tra le colline di San Gimignano\">Giro tra le colline di San Gimignano<\/option><option value=\"San Gimignano Riserva naturale di Castelvecchio\">San Gimignano Riserva naturale di Castelvecchio<\/option><option value=\"Toiano, il paese dimenticato\">Toiano, il paese dimenticato<\/option><option value=\"Volterra e l\u2019antica ferrovia di Saline\">Volterra e l\u2019antica ferrovia di Saline<\/option><option value=\"Monteriggioni e la montagnola senese\">Monteriggioni e la montagnola senese<\/option><\/select><\/span>\n<\/p>\n<p>Choisissez la date du tour<br \/>\n<span class=\"wpcf7-form-control-wrap\" data-name=\"data-tour\"><input class=\"wpcf7-form-control wpcf7-date wpcf7-validates-as-date\" aria-invalid=\"false\" value=\"\" type=\"date\" name=\"data-tour\" \/><\/span><br \/>\n<small>(sauf le samedi)<\/small>\n<\/p>\n<p>Do you want to include a tasting of typical products?<br \/>\n<span class=\"wpcf7-form-control-wrap\" data-name=\"degustazione\"><span class=\"wpcf7-form-control wpcf7-checkbox\"><span class=\"wpcf7-list-item first last\"><input type=\"checkbox\" name=\"degustazione[]\" value=\"si\" \/><span class=\"wpcf7-list-item-label\">si<\/span><\/span><\/span><\/span>\n<\/p>\n<p>Indicates the total number of participants in this tour included you. (max 8 participants)<br \/>\n<span class=\"wpcf7-form-control-wrap\" data-name=\"partecipanti\"><input class=\"wpcf7-form-control wpcf7-number wpcf7-validates-as-number\" aria-invalid=\"false\" value=\"1\" type=\"number\" name=\"partecipanti\" \/><\/span><br \/>\n<small>For groups of more than 8 participants, please write us at tour@ridemontaione.com<\/small>\n<\/p>\n<hr \/>\n<p>Nom e Pr\u00e9nom<br \/>\n<span class=\"wpcf7-form-control-wrap\" data-name=\"nome\"><input size=\"40\" maxlength=\"400\" class=\"wpcf7-form-control wpcf7-text wpcf7-validates-as-required\" aria-required=\"true\" aria-invalid=\"false\" value=\"\" type=\"text\" name=\"nome\" \/><\/span>\n<\/p>\n<p>Phone number<br \/>\n<span class=\"wpcf7-form-control-wrap\" data-name=\"telefono\"><input size=\"40\" maxlength=\"400\" class=\"wpcf7-form-control wpcf7-tel wpcf7-validates-as-required wpcf7-text wpcf7-validates-as-tel\" aria-required=\"true\" aria-invalid=\"false\" value=\"\" type=\"tel\" name=\"telefono\" \/><\/span>\n<\/p>\n<p>Email<br \/>\n<span class=\"wpcf7-form-control-wrap\" data-name=\"email-referente\"><input size=\"40\" maxlength=\"400\" class=\"wpcf7-form-control wpcf7-email wpcf7-validates-as-required wpcf7-text wpcf7-validates-as-email\" aria-required=\"true\" aria-invalid=\"false\" value=\"\" type=\"email\" name=\"email-referente\" \/><\/span>\n<\/p>\n<p>Want to subscribe to our newsletter to receive updates useful?<br \/>\n<span class=\"wpcf7-form-control-wrap\" data-name=\"newsletter\"><span class=\"wpcf7-form-control wpcf7-checkbox\"><span class=\"wpcf7-list-item first last\"><input type=\"checkbox\" name=\"newsletter[]\" value=\"yes\" \/><span class=\"wpcf7-list-item-label\">yes<\/span><\/span><\/span><\/span>\n<\/p>\n<p>Additional requests<br \/>\n<span class=\"wpcf7-form-control-wrap\" data-name=\"note\"><textarea cols=\"40\" rows=\"10\" maxlength=\"2000\" class=\"wpcf7-form-control wpcf7-textarea\" aria-invalid=\"false\" name=\"note\"><\/textarea><\/span>\n<\/p>\n<hr \/>\n<p><input class=\"wpcf7-form-control wpcf7-submit has-spinner\" type=\"submit\" value=\"R\u00e9servez le tour\" \/>\n<\/p><div class=\"fusion-alert alert custom alert-custom fusion-alert-center wpcf7-response-output fusion-alert-capitalize awb-alert-native-link-color alert-dismissable awb-alert-close-boxed\" style=\"--awb-border-size:1px;--awb-border-top-left-radius:0px;--awb-border-top-right-radius:0px;--awb-border-bottom-left-radius:0px;--awb-border-bottom-right-radius:0px;\" role=\"alert\"><div class=\"fusion-alert-content-wrapper\"><span class=\"fusion-alert-content\"><\/span><\/div><button type=\"button\" class=\"close toggle-alert\" data-dismiss=\"alert\" aria-label=\"Chiudi\">&times;<\/button><\/div>\n<\/form>\n<\/div>\n\n<\/div><script>\ndocument.addEventListener( 'wpcf7mailsent', function( event ) {\n    location = 'http:\/\/ridemontaione.com\/fr\/thank-you\/';\n}, false );\n<\/script><div class=\"fusion-clearfix\"><\/div><\/div><\/div><div class=\"fusion-layout-column fusion_builder_column fusion-builder-column-2 fusion_builder_column_1_5 1_5 fusion-one-fifth fusion-column-last\" style=\"--awb-bg-size:cover;width:20%;width:calc(20% - ( ( 4% + 4% ) * 0.2 ) );\"><div class=\"fusion-column-wrapper fusion-flex-column-wrapper-legacy\"><div class=\"fusion-clearfix\"><\/div><\/div><\/div><\/div><\/div><div class=\"fusion-fullwidth fullwidth-box fusion-builder-row-2 nonhundred-percent-fullwidth non-hundred-percent-height-scrolling\" style=\"--awb-border-radius-top-left:0px;--awb-border-radius-top-right:0px;--awb-border-radius-bottom-right:0px;--awb-border-radius-bottom-left:0px;--awb-flex-wrap:wrap;\" ><div class=\"fusion-builder-row fusion-row\"><div class=\"fusion-layout-column fusion_builder_column fusion-builder-column-3 fusion_builder_column_1_1 1_1 fusion-one-full fusion-column-first fusion-column-last\" style=\"--awb-bg-size:cover;\"><div class=\"fusion-column-wrapper fusion-flex-column-wrapper-legacy\"><!-- Begin Mailchimp Signup Form -->\n<div id=\"mc_embed_signup\"><div class=\"fusion-text fusion-text-2\"><h2 style=\"text-align: center;\">Inscrivez-vous \u00e0 notre newsletter<\/h2>\n<p style=\"text-align: center;\">Saisissez votre adresse e-mail et restez inform\u00e9 des <strong>nouveaut\u00e9s<\/strong>, <strong>\u00e9v\u00e9nements<\/strong> et <strong>promotions<\/strong> r\u00e9serv\u00e9s aux membres.<\/p>\n<p style=\"text-align: center;\">Et exclusivement pour vous &#8230; une <span style=\"color: #333333;\"><strong>OFFRE SUPER SP\u00c9CIALE<\/strong><\/span> pour vos prochaines vacances \u00e0 v\u00e9lo.<br \/>\n<strong><span style=\"color: #333333;\">Uniquement pour les 10 premiers nouveaux membres!<\/span><\/strong><\/p>\n<\/div><form action=\"https:\/\/ridemontaione.us8.list-manage.com\/subscribe\/post?u=f56537335046efdf1a273f063&id=5b24f1abcc\" method=\"post\" id=\"mc-embedded-subscribe-form\" name=\"mc-embedded-subscribe-form\" class=\"validate\" target=\"_blank\" novalidate>\n    <div id=\"mc_embed_signup_scroll\">\n\t\n<div class=\"mc-field-group\">\n\t<input type=\"email\" value=\"\" name=\"EMAIL\" class=\"required email\" id=\"mce-EMAIL\" placeholder=\"example@email.com\">\n\t<small>J'ai lu et accept\u00e9 la <a href=\"https:\/\/www.iubenda.com\/privacy-policy\/91059774\/legal\" target=\"_blank\"><u>politique de confidentialit\u00e9<\/u><\/a><br><br><\/small>\n<\/div>\n\t<div id=\"mce-responses\" class=\"clear\">\n\t\t<div class=\"response\" id=\"mce-error-response\" style=\"display:none\"><\/div>\n\t\t<div class=\"response\" id=\"mce-success-response\" style=\"display:none\"><\/div>\n\t<\/div>    <!-- real people should not fill this in and expect good things - do not remove this or risk form bot signups-->\n    <div style=\"position: absolute; left: -5000px;\" aria-hidden=\"true\"><input type=\"text\" name=\"b_f56537335046efdf1a273f063_6c2eef75d1\" tabindex=\"-1\" value=\"\"><\/div>\n    <div class=\"clear\"><input type=\"submit\" value=\"Abonnez-vous \u00e0 la newsletter!\" name=\"subscribe\" id=\"mc-embedded-subscribe\" class=\"button\"><\/div>\n    <\/div>\n<\/form>\n<\/div>\n\n<!--End mc_embed_signup--><div class=\"fusion-clearfix\"><\/div><\/div><\/div><\/div><\/div><\/p>\n","protected":false},"excerpt":{"rendered":"","protected":false},"author":1,"featured_media":0,"parent":1860,"menu_order":0,"comment_status":"closed","ping_status":"closed","template":"","meta":{"_acf_changed":false,"footnotes":""},"class_list":["post-1796","page","type-page","status-publish","hentry"],"acf":[],"yoast_head":"<!-- This site is optimized with the Yoast SEO plugin v27.1.1 - https:\/\/yoast.com\/product\/yoast-seo-wordpress\/ -->\n<title>R\u00e9servez une visite - Ride Montaione<\/title>\n<meta name=\"robots\" content=\"index, follow, max-snippet:-1, max-image-preview:large, max-video-preview:-1\" \/>\n<link rel=\"canonical\" href=\"https:\/\/ridemontaione.com\/fr\/visites-guidees\/reservez-une-visite\/\" \/>\n<meta property=\"og:locale\" content=\"fr_FR\" \/>\n<meta property=\"og:type\" content=\"article\" \/>\n<meta property=\"og:title\" content=\"R\u00e9servez une visite - Ride Montaione\" \/>\n<meta property=\"og:url\" content=\"https:\/\/ridemontaione.com\/fr\/visites-guidees\/reservez-une-visite\/\" \/>\n<meta property=\"og:site_name\" content=\"Ride Montaione\" \/>\n<meta property=\"article:publisher\" content=\"https:\/\/www.facebook.com\/Ridemontaione\/\" \/>\n<meta property=\"article:modified_time\" content=\"2020-03-27T13:36:18+00:00\" \/>\n<meta property=\"og:image\" content=\"https:\/\/ridemontaione.com\/wp-content\/uploads\/2017\/01\/logo.png\" \/>\n\t<meta property=\"og:image:width\" content=\"199\" \/>\n\t<meta property=\"og:image:height\" content=\"98\" \/>\n\t<meta property=\"og:image:type\" content=\"image\/png\" \/>\n<meta name=\"twitter:card\" content=\"summary_large_image\" \/>\n<meta name=\"twitter:label1\" content=\"Dur\u00e9e de lecture estim\u00e9e\" \/>\n\t<meta name=\"twitter:data1\" content=\"4 minutes\" \/>\n<script type=\"application\/ld+json\" class=\"yoast-schema-graph\">{\"@context\":\"https:\/\/schema.org\",\"@graph\":[{\"@type\":\"WebPage\",\"@id\":\"https:\/\/ridemontaione.com\/fr\/visites-guidees\/reservez-une-visite\/\",\"url\":\"https:\/\/ridemontaione.com\/fr\/visites-guidees\/reservez-une-visite\/\",\"name\":\"R\u00e9servez une visite - Ride Montaione\",\"isPartOf\":{\"@id\":\"https:\/\/ridemontaione.com\/fr\/#website\"},\"datePublished\":\"2017-03-20T10:40:13+00:00\",\"dateModified\":\"2020-03-27T13:36:18+00:00\",\"breadcrumb\":{\"@id\":\"https:\/\/ridemontaione.com\/fr\/visites-guidees\/reservez-une-visite\/#breadcrumb\"},\"inLanguage\":\"fr-FR\",\"potentialAction\":[{\"@type\":\"ReadAction\",\"target\":[\"https:\/\/ridemontaione.com\/fr\/visites-guidees\/reservez-une-visite\/\"]}]},{\"@type\":\"BreadcrumbList\",\"@id\":\"https:\/\/ridemontaione.com\/fr\/visites-guidees\/reservez-une-visite\/#breadcrumb\",\"itemListElement\":[{\"@type\":\"ListItem\",\"position\":1,\"name\":\"Home\",\"item\":\"https:\/\/ridemontaione.com\/fr\/\"},{\"@type\":\"ListItem\",\"position\":2,\"name\":\"Visites guid\u00e9es\",\"item\":\"https:\/\/ridemontaione.com\/fr\/visites-guidees\/\"},{\"@type\":\"ListItem\",\"position\":3,\"name\":\"R\u00e9servez une visite\"}]},{\"@type\":\"WebSite\",\"@id\":\"https:\/\/ridemontaione.com\/fr\/#website\",\"url\":\"https:\/\/ridemontaione.com\/fr\/\",\"name\":\"Ride Montaione\",\"description\":\"The best bike ride\\u0003 in Tuscany - Powered by Scott\",\"publisher\":{\"@id\":\"https:\/\/ridemontaione.com\/fr\/#organization\"},\"potentialAction\":[{\"@type\":\"SearchAction\",\"target\":{\"@type\":\"EntryPoint\",\"urlTemplate\":\"https:\/\/ridemontaione.com\/fr\/?s={search_term_string}\"},\"query-input\":{\"@type\":\"PropertyValueSpecification\",\"valueRequired\":true,\"valueName\":\"search_term_string\"}}],\"inLanguage\":\"fr-FR\"},{\"@type\":\"Organization\",\"@id\":\"https:\/\/ridemontaione.com\/fr\/#organization\",\"name\":\"Ridemontaione.com\",\"url\":\"https:\/\/ridemontaione.com\/fr\/\",\"logo\":{\"@type\":\"ImageObject\",\"inLanguage\":\"fr-FR\",\"@id\":\"https:\/\/ridemontaione.com\/fr\/#\/schema\/logo\/image\/\",\"url\":\"https:\/\/ridemontaione.com\/wp-content\/uploads\/2017\/02\/logo-mobile.png\",\"contentUrl\":\"https:\/\/ridemontaione.com\/wp-content\/uploads\/2017\/02\/logo-mobile.png\",\"width\":159,\"height\":78,\"caption\":\"Ridemontaione.com\"},\"image\":{\"@id\":\"https:\/\/ridemontaione.com\/fr\/#\/schema\/logo\/image\/\"},\"sameAs\":[\"https:\/\/www.facebook.com\/Ridemontaione\/\",\"https:\/\/www.youtube.com\/channel\/UCn30thBZpWDaTGtxtxtxbog\"]}]}<\/script>\n<!-- \/ Yoast SEO plugin. -->","yoast_head_json":{"title":"R\u00e9servez une visite - Ride Montaione","robots":{"index":"index","follow":"follow","max-snippet":"max-snippet:-1","max-image-preview":"max-image-preview:large","max-video-preview":"max-video-preview:-1"},"canonical":"https:\/\/ridemontaione.com\/fr\/visites-guidees\/reservez-une-visite\/","og_locale":"fr_FR","og_type":"article","og_title":"R\u00e9servez une visite - Ride Montaione","og_url":"https:\/\/ridemontaione.com\/fr\/visites-guidees\/reservez-une-visite\/","og_site_name":"Ride Montaione","article_publisher":"https:\/\/www.facebook.com\/Ridemontaione\/","article_modified_time":"2020-03-27T13:36:18+00:00","og_image":[{"width":199,"height":98,"url":"https:\/\/ridemontaione.com\/wp-content\/uploads\/2017\/01\/logo.png","type":"image\/png"}],"twitter_card":"summary_large_image","twitter_misc":{"Dur\u00e9e de lecture estim\u00e9e":"4 minutes"},"schema":{"@context":"https:\/\/schema.org","@graph":[{"@type":"WebPage","@id":"https:\/\/ridemontaione.com\/fr\/visites-guidees\/reservez-une-visite\/","url":"https:\/\/ridemontaione.com\/fr\/visites-guidees\/reservez-une-visite\/","name":"R\u00e9servez une visite - Ride Montaione","isPartOf":{"@id":"https:\/\/ridemontaione.com\/fr\/#website"},"datePublished":"2017-03-20T10:40:13+00:00","dateModified":"2020-03-27T13:36:18+00:00","breadcrumb":{"@id":"https:\/\/ridemontaione.com\/fr\/visites-guidees\/reservez-une-visite\/#breadcrumb"},"inLanguage":"fr-FR","potentialAction":[{"@type":"ReadAction","target":["https:\/\/ridemontaione.com\/fr\/visites-guidees\/reservez-une-visite\/"]}]},{"@type":"BreadcrumbList","@id":"https:\/\/ridemontaione.com\/fr\/visites-guidees\/reservez-une-visite\/#breadcrumb","itemListElement":[{"@type":"ListItem","position":1,"name":"Home","item":"https:\/\/ridemontaione.com\/fr\/"},{"@type":"ListItem","position":2,"name":"Visites guid\u00e9es","item":"https:\/\/ridemontaione.com\/fr\/visites-guidees\/"},{"@type":"ListItem","position":3,"name":"R\u00e9servez une visite"}]},{"@type":"WebSite","@id":"https:\/\/ridemontaione.com\/fr\/#website","url":"https:\/\/ridemontaione.com\/fr\/","name":"Ride Montaione","description":"The best bike ride\u0003 in Tuscany - Powered by Scott","publisher":{"@id":"https:\/\/ridemontaione.com\/fr\/#organization"},"potentialAction":[{"@type":"SearchAction","target":{"@type":"EntryPoint","urlTemplate":"https:\/\/ridemontaione.com\/fr\/?s={search_term_string}"},"query-input":{"@type":"PropertyValueSpecification","valueRequired":true,"valueName":"search_term_string"}}],"inLanguage":"fr-FR"},{"@type":"Organization","@id":"https:\/\/ridemontaione.com\/fr\/#organization","name":"Ridemontaione.com","url":"https:\/\/ridemontaione.com\/fr\/","logo":{"@type":"ImageObject","inLanguage":"fr-FR","@id":"https:\/\/ridemontaione.com\/fr\/#\/schema\/logo\/image\/","url":"https:\/\/ridemontaione.com\/wp-content\/uploads\/2017\/02\/logo-mobile.png","contentUrl":"https:\/\/ridemontaione.com\/wp-content\/uploads\/2017\/02\/logo-mobile.png","width":159,"height":78,"caption":"Ridemontaione.com"},"image":{"@id":"https:\/\/ridemontaione.com\/fr\/#\/schema\/logo\/image\/"},"sameAs":["https:\/\/www.facebook.com\/Ridemontaione\/","https:\/\/www.youtube.com\/channel\/UCn30thBZpWDaTGtxtxtxbog"]}]}},"_links":{"self":[{"href":"https:\/\/ridemontaione.com\/fr\/wp-json\/wp\/v2\/pages\/1796","targetHints":{"allow":["GET"]}}],"collection":[{"href":"https:\/\/ridemontaione.com\/fr\/wp-json\/wp\/v2\/pages"}],"about":[{"href":"https:\/\/ridemontaione.com\/fr\/wp-json\/wp\/v2\/types\/page"}],"author":[{"embeddable":true,"href":"https:\/\/ridemontaione.com\/fr\/wp-json\/wp\/v2\/users\/1"}],"replies":[{"embeddable":true,"href":"https:\/\/ridemontaione.com\/fr\/wp-json\/wp\/v2\/comments?post=1796"}],"version-history":[{"count":6,"href":"https:\/\/ridemontaione.com\/fr\/wp-json\/wp\/v2\/pages\/1796\/revisions"}],"predecessor-version":[{"id":3988,"href":"https:\/\/ridemontaione.com\/fr\/wp-json\/wp\/v2\/pages\/1796\/revisions\/3988"}],"up":[{"embeddable":true,"href":"https:\/\/ridemontaione.com\/fr\/wp-json\/wp\/v2\/pages\/1860"}],"wp:attachment":[{"href":"https:\/\/ridemontaione.com\/fr\/wp-json\/wp\/v2\/media?parent=1796"}],"curies":[{"name":"wp","href":"https:\/\/api.w.org\/{rel}","templated":true}]}}