{"id":2124,"date":"2017-01-31T18:06:42","date_gmt":"2017-01-31T17:06:42","guid":{"rendered":"https:\/\/ridemontaione.com\/chi-siamo\/"},"modified":"2020-04-03T14:36:59","modified_gmt":"2020-04-03T12:36:59","slug":"uber-uns","status":"publish","type":"page","link":"https:\/\/ridemontaione.com\/de\/uber-uns\/","title":{"rendered":"\u00dcber uns"},"content":{"rendered":"<p><div class=\"fusion-fullwidth fullwidth-box fusion-builder-row-1 nonhundred-percent-fullwidth non-hundred-percent-height-scrolling\" style=\"--awb-border-radius-top-left:0px;--awb-border-radius-top-right:0px;--awb-border-radius-bottom-right:0px;--awb-border-radius-bottom-left:0px;--awb-padding-top:20px;--awb-padding-bottom:20px;--awb-flex-wrap:wrap;\" ><div class=\"fusion-builder-row fusion-row\"><div class=\"fusion-layout-column fusion_builder_column fusion-builder-column-0 fusion_builder_column_1_1 1_1 fusion-one-full fusion-column-first fusion-column-last\" style=\"--awb-bg-size:cover;\"><div class=\"fusion-column-wrapper fusion-flex-column-wrapper-legacy\"><div class=\"fusion-text fusion-text-1\"><h2>Hallo Biker, ich bin Lauro Lotti, Gr\u00fcnder des Radtourismus-Projekts Ridemontaione.com in Montaione, in der Toskana.<\/h2>\n<p>Ich bin Besitzer des <strong><a href=\"https:\/\/ridemontaione.com\/de\/montaione-unterkuenfte\/\">Agriturismo Bike friendly Belmonte Vacanze<\/a><\/strong> und bin im Sattel einer MTB gro\u00df geworden, <strong>schon als Kind fuhr ich durch die Wege der Trail Area um Montaione<\/strong>.<\/p>\n<p><strong>2009 begann ich am<\/strong> <strong>Projekt Ridemontaione<\/strong> zu arbeiten, mein Ziel war es, <strong>diese Gegend der Toskana unter MTB- und Rennradliebhaber bekannt zu machen<\/strong>, da das <strong>Gebiet perfekt <\/strong>geeignet ist f\u00fcr all diejenigen, die gerne ihren Urlaub in der Toskana im Radsattel verbringen m\u00f6chten.<\/p>\n<p>Mit Hilfe der hiesigen Bikers und der Verwaltung der Gemeinde Montaione <strong>begann ich die sch\u00f6nsten und f\u00fcr MTB best geeigneten Wege von Montaione und Umgebung zu kartieren<\/strong>.<br \/>\n<strong>Ich habe alle Wege fotografiert, die Routen beschrieben<\/strong> \u2013 Sie finden eine \u00dcbersetzung der Texte in Ihrer Sprache \u2013 <strong>und habe alle Strecken mit GPS geortet<\/strong> \u2013 die Karten k\u00f6nnen kostenlos auf Ridemontaione.com runtegeladen werden.<\/p>\n<p>Au\u00dferdem habe ich an der Erstellung <strong>15 gef\u00fchrter Radtouren<\/strong> gearbeitet, diese k\u00f6nnen bei uns gebucht werden, <strong>um die M\u00f6glichkeit zu haben die am\u00fcsantesten Landschaften und Wege zu erkunden, mit atemberaubenden Aussichten<\/strong>, in der Umgebung von Montaione aber auch von Volterra, Castefiorentino, Montespertoli, Certaldo, und Monteriggioni.<br \/>\nJedes Jahr bem\u00fchen wir uns um <strong>neue MTB-Routen und neue MTB-Abenteuer zu erstellen<\/strong>, f\u00fcr Ihren n\u00e4chsten Urlaub in MTB in der Toskana.<\/p>\n<p>Jedes Jahr bem\u00fchen wir uns, um aus unserem Agriturismo Bike friendly Belmonte Vacanze einen noch <strong>gem\u00fctlicheren Ort f\u00fcr Bikers<\/strong> zu machen, indem wir den <strong>Komfort, den sich jeder Radfahrer w\u00e4hrend eines Radurlaubs in der Toskana w\u00fcnscht, hinzuf\u00fcgen und verbes<\/strong>sern.<\/p>\n<p><strong>2014 baten wir Scott<\/strong>, den internationalen Brand Leader in Sache MTB, <strong>dessen Partner zu werden<\/strong> und einen offiziellen Scott Veleihzentrum in unserer Anlage zu er\u00f6ffnen zu d\u00fcrfen.<br \/>\nEs war f\u00fcr uns eine gro\u00dfe Befriedigung diese M\u00f6glichkeit von einer Firma mit solchem Ansehen zu bekommen, die Anerkennung f\u00fcr 10 Jahre Arbeit die wir der Welt der MTBs in Montaione und Umgebung gewidmet haben.<br \/>\n<strong>Deswegen steht Ihnen heute in unserem Agriturismo Belmonte Vacanze ein MTB-Verleih zu Verf\u00fcgung mit den neuesten Scott Aspect front und Scott ibride E-Scale<\/strong>.<\/p>\n<h2>Unsere F\u00fchrer<\/h2>\n<p><strong>W\u00e4hrend der gef\u00fchrten Touren werden Sie nur von erfahrenen F\u00fchrern begleitet<\/strong>. Diese kennen unsere Umgebung und <strong>werden Sie bei der Entdeckung der spannendsten Trails begleiten und Ihnen dabei die Geschichte der durchfahrenen Umgebung schildern<\/strong>.<br \/>\nWir sind stolz \u00fcber die Zusammenarbeit mit <strong>Toscana Hiking Experience von Nicola Dainelli<\/strong>, dessen Umweltbegleiter ordnungsgem\u00e4\u00dfe Genehmigung laut Legge Regionale Toscana (Gesetz der Region Toskana) n. 86\/2016 haben.<\/p>\n<p><strong>Wir erwarten Sie im Belmonte Vacanze um den aufregendsten Radurlaub in der Toskana zu erleben! <\/strong><br \/>\n<strong>Bis bald!<\/strong><\/p>\n<\/div><div class=\"awb-gallery-wrapper awb-gallery-wrapper-1 button-span-no\"><div style=\"margin:-5px;--awb-bordersize:0px;\" class=\"fusion-gallery fusion-gallery-container fusion-grid-2 fusion-columns-total-2 fusion-gallery-layout-grid fusion-gallery-1\"><div style=\"padding:5px;\" class=\"fusion-grid-column fusion-gallery-column fusion-gallery-column-2 hover-type-none\"><div class=\"fusion-gallery-image\"><a href=\"https:\/\/ridemontaione.com\/wp-content\/uploads\/2019\/03\/chi.siamo_.ridemontaione.jpg\" rel=\"noreferrer\" data-rel=\"iLightbox[gallery_image_1]\" class=\"fusion-lightbox\" target=\"_self\"><img decoding=\"async\" src=\"https:\/\/ridemontaione.com\/wp-content\/uploads\/2019\/03\/chi.siamo_.ridemontaione.jpg\" width=\"1200\" height=\"797\" alt=\"\" title=\"chi.siamo.ridemontaione\" aria-label=\"chi.siamo.ridemontaione\" class=\"img-responsive wp-image-3790\" srcset=\"https:\/\/ridemontaione.com\/wp-content\/uploads\/2019\/03\/chi.siamo_.ridemontaione-200x133.jpg 200w, https:\/\/ridemontaione.com\/wp-content\/uploads\/2019\/03\/chi.siamo_.ridemontaione-400x266.jpg 400w, https:\/\/ridemontaione.com\/wp-content\/uploads\/2019\/03\/chi.siamo_.ridemontaione-600x399.jpg 600w, https:\/\/ridemontaione.com\/wp-content\/uploads\/2019\/03\/chi.siamo_.ridemontaione-800x531.jpg 800w, https:\/\/ridemontaione.com\/wp-content\/uploads\/2019\/03\/chi.siamo_.ridemontaione.jpg 1200w\" sizes=\"(min-width: 2200px) 100vw, (min-width: 712px) 648px, (min-width: 640px) 712px, \" \/><\/a><\/div><\/div><div style=\"padding:5px;\" class=\"fusion-grid-column fusion-gallery-column fusion-gallery-column-2 hover-type-none\"><div class=\"fusion-gallery-image\"><a href=\"https:\/\/ridemontaione.com\/wp-content\/uploads\/2019\/03\/guide.mtb_-1.jpg\" rel=\"noreferrer\" data-rel=\"iLightbox[gallery_image_1]\" class=\"fusion-lightbox\" target=\"_self\"><img decoding=\"async\" src=\"https:\/\/ridemontaione.com\/wp-content\/uploads\/2019\/03\/guide.mtb_-1.jpg\" width=\"1200\" height=\"900\" alt=\"\" title=\"guide.mtb\" aria-label=\"guide.mtb\" class=\"img-responsive wp-image-3801\" srcset=\"https:\/\/ridemontaione.com\/wp-content\/uploads\/2019\/03\/guide.mtb_-1-200x150.jpg 200w, https:\/\/ridemontaione.com\/wp-content\/uploads\/2019\/03\/guide.mtb_-1-400x300.jpg 400w, https:\/\/ridemontaione.com\/wp-content\/uploads\/2019\/03\/guide.mtb_-1-600x450.jpg 600w, https:\/\/ridemontaione.com\/wp-content\/uploads\/2019\/03\/guide.mtb_-1-800x600.jpg 800w, https:\/\/ridemontaione.com\/wp-content\/uploads\/2019\/03\/guide.mtb_-1.jpg 1200w\" sizes=\"(min-width: 2200px) 100vw, (min-width: 712px) 648px, (min-width: 640px) 712px, \" \/><\/a><\/div><\/div><div class=\"clearfix\"><\/div><\/div><\/div><div class=\"fusion-clearfix\"><\/div><\/div><\/div><\/div><\/div><div class=\"fusion-fullwidth fullwidth-box fusion-builder-row-2 nonhundred-percent-fullwidth non-hundred-percent-height-scrolling\" style=\"--awb-border-radius-top-left:0px;--awb-border-radius-top-right:0px;--awb-border-radius-bottom-right:0px;--awb-border-radius-bottom-left:0px;--awb-flex-wrap:wrap;\" ><div class=\"fusion-builder-row fusion-row\"><div class=\"fusion-layout-column fusion_builder_column fusion-builder-column-1 fusion_builder_column_1_1 1_1 fusion-one-full fusion-column-first fusion-column-last\" style=\"--awb-bg-size:cover;\"><div class=\"fusion-column-wrapper fusion-flex-column-wrapper-legacy\"><!-- Begin Mailchimp Signup Form -->\n<div id=\"mc_embed_signup\"><div class=\"fusion-text fusion-text-2\"><h2 style=\"text-align: center;\">Newsletter anmelden<\/h2>\n<p style=\"text-align: center;\">Geben Sie Ihre E-Mail-Adresse ein und bleiben Sie \u00fcber <strong>Neuigkeiten<\/strong>, <strong>Veranstaltungen<\/strong><br \/>\nund <strong>Werbeaktionen<\/strong> f\u00fcr Mitglieder auf dem Laufenden.<\/p>\n<p style=\"text-align: center;\">Und exklusiv f\u00fcr Sie &#8230; ein <span style=\"color: #333333;\"><strong>SUPER SONDERANGEBOT<\/strong><\/span>, um Ihren n\u00e4chsten Radurlaub zu buchen.<br \/>\n<span style=\"color: #333333;\"><strong>Nur f\u00fcr die ersten 10 Anmeldungen!<\/strong><\/span><\/p>\n<\/div><form action=\"https:\/\/ridemontaione.us8.list-manage.com\/subscribe\/post?u=f56537335046efdf1a273f063&id=5b24f1abcc\" method=\"post\" id=\"mc-embedded-subscribe-form\" name=\"mc-embedded-subscribe-form\" class=\"validate\" target=\"_blank\" novalidate>\n    <div id=\"mc_embed_signup_scroll\">\n\t\n<div class=\"mc-field-group\">\n\t<input type=\"email\" value=\"\" name=\"EMAIL\" class=\"required email\" id=\"mce-EMAIL\" placeholder=\"example@email.com\">\n\t<small>Ich habe <a href=\"https:\/\/www.iubenda.com\/privacy-policy\/91059774\/legal\" target=\"_blank\"><u>die Datenschutzerkl\u00e4rung <\/u>gelesen und stimme damit zu<\/a><br><br><\/small>\n<\/div>\n\t<div id=\"mce-responses\" class=\"clear\">\n\t\t<div class=\"response\" id=\"mce-error-response\" style=\"display:none\"><\/div>\n\t\t<div class=\"response\" id=\"mce-success-response\" style=\"display:none\"><\/div>\n\t<\/div>    <!-- real people should not fill this in and expect good things - do not remove this or risk form bot signups-->\n    <div style=\"position: absolute; left: -5000px;\" aria-hidden=\"true\"><input type=\"text\" name=\"b_f56537335046efdf1a273f063_6c2eef75d1\" tabindex=\"-1\" value=\"\"><\/div>\n    <div class=\"clear\"><input type=\"submit\" value=\"Ich m\u00f6chte die Newsletter bekommen!\" name=\"subscribe\" id=\"mc-embedded-subscribe\" class=\"button\"><\/div>\n    <\/div>\n<\/form>\n<\/div>\n\n<!--End mc_embed_signup--><div class=\"fusion-clearfix\"><\/div><\/div><\/div><\/div><\/div><\/p>\n","protected":false},"excerpt":{"rendered":"","protected":false},"author":1,"featured_media":3720,"parent":0,"menu_order":0,"comment_status":"closed","ping_status":"closed","template":"","meta":{"_acf_changed":false,"footnotes":""},"class_list":["post-2124","page","type-page","status-publish","has-post-thumbnail","hentry"],"acf":[],"yoast_head":"<!-- This site is optimized with the Yoast SEO plugin v27.1.1 - https:\/\/yoast.com\/product\/yoast-seo-wordpress\/ -->\n<title>\u00dcber uns - Ride Montaione<\/title>\n<meta name=\"robots\" content=\"index, follow, max-snippet:-1, max-image-preview:large, max-video-preview:-1\" \/>\n<link rel=\"canonical\" href=\"https:\/\/ridemontaione.com\/de\/uber-uns\/\" \/>\n<meta property=\"og:locale\" content=\"de_DE\" \/>\n<meta property=\"og:type\" content=\"article\" \/>\n<meta property=\"og:title\" content=\"\u00dcber uns - Ride Montaione\" \/>\n<meta property=\"og:url\" content=\"https:\/\/ridemontaione.com\/de\/uber-uns\/\" \/>\n<meta property=\"og:site_name\" content=\"Ride Montaione\" \/>\n<meta property=\"article:publisher\" content=\"https:\/\/www.facebook.com\/Ridemontaione\/\" \/>\n<meta property=\"article:modified_time\" content=\"2020-04-03T12:36:59+00:00\" \/>\n<meta property=\"og:image\" content=\"https:\/\/ridemontaione.com\/wp-content\/uploads\/2019\/03\/DSC_0013.jpg\" \/>\n\t<meta property=\"og:image:width\" content=\"1600\" \/>\n\t<meta property=\"og:image:height\" content=\"1063\" \/>\n\t<meta property=\"og:image:type\" content=\"image\/jpeg\" \/>\n<meta name=\"twitter:card\" content=\"summary_large_image\" \/>\n<meta name=\"twitter:label1\" content=\"Gesch\u00e4tzte Lesezeit\" \/>\n\t<meta name=\"twitter:data1\" content=\"6\u00a0Minuten\" \/>\n<script type=\"application\/ld+json\" class=\"yoast-schema-graph\">{\"@context\":\"https:\/\/schema.org\",\"@graph\":[{\"@type\":\"WebPage\",\"@id\":\"https:\/\/ridemontaione.com\/de\/uber-uns\/\",\"url\":\"https:\/\/ridemontaione.com\/de\/uber-uns\/\",\"name\":\"\u00dcber uns - Ride Montaione\",\"isPartOf\":{\"@id\":\"https:\/\/ridemontaione.com\/de\/#website\"},\"primaryImageOfPage\":{\"@id\":\"https:\/\/ridemontaione.com\/de\/uber-uns\/#primaryimage\"},\"image\":{\"@id\":\"https:\/\/ridemontaione.com\/de\/uber-uns\/#primaryimage\"},\"thumbnailUrl\":\"https:\/\/ridemontaione.com\/wp-content\/uploads\/2019\/03\/DSC_0013.jpg\",\"datePublished\":\"2017-01-31T17:06:42+00:00\",\"dateModified\":\"2020-04-03T12:36:59+00:00\",\"breadcrumb\":{\"@id\":\"https:\/\/ridemontaione.com\/de\/uber-uns\/#breadcrumb\"},\"inLanguage\":\"de\",\"potentialAction\":[{\"@type\":\"ReadAction\",\"target\":[\"https:\/\/ridemontaione.com\/de\/uber-uns\/\"]}]},{\"@type\":\"ImageObject\",\"inLanguage\":\"de\",\"@id\":\"https:\/\/ridemontaione.com\/de\/uber-uns\/#primaryimage\",\"url\":\"https:\/\/ridemontaione.com\/wp-content\/uploads\/2019\/03\/DSC_0013.jpg\",\"contentUrl\":\"https:\/\/ridemontaione.com\/wp-content\/uploads\/2019\/03\/DSC_0013.jpg\",\"width\":1600,\"height\":1063,\"caption\":\"Lauro Lotti is the founder of Ridemontaione and owner of Belmonte vacanze bike friendly agriturismo in toscana\"},{\"@type\":\"BreadcrumbList\",\"@id\":\"https:\/\/ridemontaione.com\/de\/uber-uns\/#breadcrumb\",\"itemListElement\":[{\"@type\":\"ListItem\",\"position\":1,\"name\":\"Home\",\"item\":\"https:\/\/ridemontaione.com\/de\/\"},{\"@type\":\"ListItem\",\"position\":2,\"name\":\"\u00dcber uns\"}]},{\"@type\":\"WebSite\",\"@id\":\"https:\/\/ridemontaione.com\/de\/#website\",\"url\":\"https:\/\/ridemontaione.com\/de\/\",\"name\":\"Ride Montaione\",\"description\":\"The best bike ride\\u0003 in Tuscany - Powered by Scott\",\"publisher\":{\"@id\":\"https:\/\/ridemontaione.com\/de\/#organization\"},\"potentialAction\":[{\"@type\":\"SearchAction\",\"target\":{\"@type\":\"EntryPoint\",\"urlTemplate\":\"https:\/\/ridemontaione.com\/de\/?s={search_term_string}\"},\"query-input\":{\"@type\":\"PropertyValueSpecification\",\"valueRequired\":true,\"valueName\":\"search_term_string\"}}],\"inLanguage\":\"de\"},{\"@type\":\"Organization\",\"@id\":\"https:\/\/ridemontaione.com\/de\/#organization\",\"name\":\"Ridemontaione.com\",\"url\":\"https:\/\/ridemontaione.com\/de\/\",\"logo\":{\"@type\":\"ImageObject\",\"inLanguage\":\"de\",\"@id\":\"https:\/\/ridemontaione.com\/de\/#\/schema\/logo\/image\/\",\"url\":\"https:\/\/ridemontaione.com\/wp-content\/uploads\/2017\/02\/logo-mobile.png\",\"contentUrl\":\"https:\/\/ridemontaione.com\/wp-content\/uploads\/2017\/02\/logo-mobile.png\",\"width\":159,\"height\":78,\"caption\":\"Ridemontaione.com\"},\"image\":{\"@id\":\"https:\/\/ridemontaione.com\/de\/#\/schema\/logo\/image\/\"},\"sameAs\":[\"https:\/\/www.facebook.com\/Ridemontaione\/\",\"https:\/\/www.youtube.com\/channel\/UCn30thBZpWDaTGtxtxtxbog\"]}]}<\/script>\n<!-- \/ Yoast SEO plugin. -->","yoast_head_json":{"title":"\u00dcber uns - Ride Montaione","robots":{"index":"index","follow":"follow","max-snippet":"max-snippet:-1","max-image-preview":"max-image-preview:large","max-video-preview":"max-video-preview:-1"},"canonical":"https:\/\/ridemontaione.com\/de\/uber-uns\/","og_locale":"de_DE","og_type":"article","og_title":"\u00dcber uns - Ride Montaione","og_url":"https:\/\/ridemontaione.com\/de\/uber-uns\/","og_site_name":"Ride Montaione","article_publisher":"https:\/\/www.facebook.com\/Ridemontaione\/","article_modified_time":"2020-04-03T12:36:59+00:00","og_image":[{"width":1600,"height":1063,"url":"https:\/\/ridemontaione.com\/wp-content\/uploads\/2019\/03\/DSC_0013.jpg","type":"image\/jpeg"}],"twitter_card":"summary_large_image","twitter_misc":{"Gesch\u00e4tzte Lesezeit":"6\u00a0Minuten"},"schema":{"@context":"https:\/\/schema.org","@graph":[{"@type":"WebPage","@id":"https:\/\/ridemontaione.com\/de\/uber-uns\/","url":"https:\/\/ridemontaione.com\/de\/uber-uns\/","name":"\u00dcber uns - Ride Montaione","isPartOf":{"@id":"https:\/\/ridemontaione.com\/de\/#website"},"primaryImageOfPage":{"@id":"https:\/\/ridemontaione.com\/de\/uber-uns\/#primaryimage"},"image":{"@id":"https:\/\/ridemontaione.com\/de\/uber-uns\/#primaryimage"},"thumbnailUrl":"https:\/\/ridemontaione.com\/wp-content\/uploads\/2019\/03\/DSC_0013.jpg","datePublished":"2017-01-31T17:06:42+00:00","dateModified":"2020-04-03T12:36:59+00:00","breadcrumb":{"@id":"https:\/\/ridemontaione.com\/de\/uber-uns\/#breadcrumb"},"inLanguage":"de","potentialAction":[{"@type":"ReadAction","target":["https:\/\/ridemontaione.com\/de\/uber-uns\/"]}]},{"@type":"ImageObject","inLanguage":"de","@id":"https:\/\/ridemontaione.com\/de\/uber-uns\/#primaryimage","url":"https:\/\/ridemontaione.com\/wp-content\/uploads\/2019\/03\/DSC_0013.jpg","contentUrl":"https:\/\/ridemontaione.com\/wp-content\/uploads\/2019\/03\/DSC_0013.jpg","width":1600,"height":1063,"caption":"Lauro Lotti is the founder of Ridemontaione and owner of Belmonte vacanze bike friendly agriturismo in toscana"},{"@type":"BreadcrumbList","@id":"https:\/\/ridemontaione.com\/de\/uber-uns\/#breadcrumb","itemListElement":[{"@type":"ListItem","position":1,"name":"Home","item":"https:\/\/ridemontaione.com\/de\/"},{"@type":"ListItem","position":2,"name":"\u00dcber uns"}]},{"@type":"WebSite","@id":"https:\/\/ridemontaione.com\/de\/#website","url":"https:\/\/ridemontaione.com\/de\/","name":"Ride Montaione","description":"The best bike ride\u0003 in Tuscany - Powered by Scott","publisher":{"@id":"https:\/\/ridemontaione.com\/de\/#organization"},"potentialAction":[{"@type":"SearchAction","target":{"@type":"EntryPoint","urlTemplate":"https:\/\/ridemontaione.com\/de\/?s={search_term_string}"},"query-input":{"@type":"PropertyValueSpecification","valueRequired":true,"valueName":"search_term_string"}}],"inLanguage":"de"},{"@type":"Organization","@id":"https:\/\/ridemontaione.com\/de\/#organization","name":"Ridemontaione.com","url":"https:\/\/ridemontaione.com\/de\/","logo":{"@type":"ImageObject","inLanguage":"de","@id":"https:\/\/ridemontaione.com\/de\/#\/schema\/logo\/image\/","url":"https:\/\/ridemontaione.com\/wp-content\/uploads\/2017\/02\/logo-mobile.png","contentUrl":"https:\/\/ridemontaione.com\/wp-content\/uploads\/2017\/02\/logo-mobile.png","width":159,"height":78,"caption":"Ridemontaione.com"},"image":{"@id":"https:\/\/ridemontaione.com\/de\/#\/schema\/logo\/image\/"},"sameAs":["https:\/\/www.facebook.com\/Ridemontaione\/","https:\/\/www.youtube.com\/channel\/UCn30thBZpWDaTGtxtxtxbog"]}]}},"_links":{"self":[{"href":"https:\/\/ridemontaione.com\/de\/wp-json\/wp\/v2\/pages\/2124","targetHints":{"allow":["GET"]}}],"collection":[{"href":"https:\/\/ridemontaione.com\/de\/wp-json\/wp\/v2\/pages"}],"about":[{"href":"https:\/\/ridemontaione.com\/de\/wp-json\/wp\/v2\/types\/page"}],"author":[{"embeddable":true,"href":"https:\/\/ridemontaione.com\/de\/wp-json\/wp\/v2\/users\/1"}],"replies":[{"embeddable":true,"href":"https:\/\/ridemontaione.com\/de\/wp-json\/wp\/v2\/comments?post=2124"}],"version-history":[{"count":12,"href":"https:\/\/ridemontaione.com\/de\/wp-json\/wp\/v2\/pages\/2124\/revisions"}],"predecessor-version":[{"id":3724,"href":"https:\/\/ridemontaione.com\/de\/wp-json\/wp\/v2\/pages\/2124\/revisions\/3724"}],"wp:featuredmedia":[{"embeddable":true,"href":"https:\/\/ridemontaione.com\/de\/wp-json\/wp\/v2\/media\/3720"}],"wp:attachment":[{"href":"https:\/\/ridemontaione.com\/de\/wp-json\/wp\/v2\/media?parent=2124"}],"curies":[{"name":"wp","href":"https:\/\/api.w.org\/{rel}","templated":true}]}}