{"id":1970,"date":"2017-03-24T16:22:12","date_gmt":"2017-03-24T15:22:12","guid":{"rendered":"https:\/\/ridemontaione.com\/?page_id=1970\/"},"modified":"2020-04-03T14:22:28","modified_gmt":"2020-04-03T12:22:28","slug":"die-umgebung","status":"publish","type":"page","link":"https:\/\/ridemontaione.com\/de\/die-umgebung\/","title":{"rendered":"Die Umgebung"},"content":{"rendered":"<p><div class=\"fusion-fullwidth fullwidth-box fusion-builder-row-1 nonhundred-percent-fullwidth non-hundred-percent-height-scrolling\" style=\"--awb-border-radius-top-left:0px;--awb-border-radius-top-right:0px;--awb-border-radius-bottom-right:0px;--awb-border-radius-bottom-left:0px;--awb-padding-top:20px;--awb-padding-bottom:20px;--awb-flex-wrap:wrap;\" ><div class=\"fusion-builder-row fusion-row\"><div class=\"fusion-layout-column fusion_builder_column fusion-builder-column-0 fusion_builder_column_1_1 1_1 fusion-one-full fusion-column-first fusion-column-last\" style=\"--awb-bg-size:cover;\"><div class=\"fusion-column-wrapper fusion-flex-column-wrapper-legacy\"><div class=\"fusion-text fusion-text-1\"><h1>Die Umgebung van Montaione in der Toskana (Italien)<\/h1>\n<p>Sie haben schon die halbe Welt erkundet, immer auf der Suche nach einem am\u00fcsanten Urlaub? Urlaub ist viel zu kostbar, um die Zeit in Langeweile zu verschwenden!\u00a0<strong>Was w\u00fcrden Sie davon halten Ihren n\u00e4chten Urlaub in einem Ort zu verbringen, wo alles vorhanden ist was ein Radfahrer sich w\u00fcnschen kann?<\/strong><\/p>\n<p>Gl\u00fccklicherweise gibt es gegen Langeweile ein wirksames Mittel: die Toskana. Ihre reine Luft, ihre sch\u00f6nen Landschaften und die gro\u00dfe Auswahl an aktiven Unternehmungsm\u00f6glichkeiten befreien die Sinne und bringen Lust auf Bewegung.<br \/>\n<strong>Die unber\u00fchrte Natur und das milde Klima der Toskana bieten die ideale Voraussetzung f\u00fcr einen aktiven und rundum sportlichen Urlaub<\/strong>, um den Stress des Alltags dank eines angenehmen Ausflugs zu Fu\u00df oder mit dem Fahrrad zu vergessen, die Augen in der Sch\u00f6nheit des toskanischen Landes vertieft.<\/p>\n<p>Radsport ist in der Toskana sehr popul\u00e4r, sei es f\u00fcr eine Tour auf wenig befahrenen Stra\u00dfen oder auch abseits der Fahrbahnen, in direktem Kontakt mit der Natur,\u00a0<strong>in jedem Fall werden Sie mit traumhaften Panoramen belohnt und Sie werden realisieren, dass Sie im Paradies des Radsports sind<\/strong>.<\/p>\n<p><strong>Ob zum Sport oder zum reinen Vergn\u00fcgen, das<\/strong><strong>\u00a0<\/strong><strong>fahrradreisen\u00a0in der Toskana ist ein besonderes Abenteuer.<\/strong>\u00a0Nicht nur das; Sie k\u00f6nnen Energie auftanken in dem Sie das gute und unverf\u00e4lschte Essen in einem der\u00a0<a href=\"https:\/\/www.ridemontaione.com\/de\/restaurant-pizzeria.html\">vielen typischen Restaurants<\/a>\u00a0der Gegend kosten oder sich erholen, am Rand des Pools einer der vielen\u00a0<a href=\"https:\/\/www.ridemontaione.com\/de\/unterkuenfte-toskana.html\">Unterk\u00fcnfte<\/a>, nach einem aufregenden Radausflug.<\/p>\n<p>Wenn Sie es lieben, neue Orte auf Ihrem Fahrrad zu erkunden, so finden Sie in der Umgebung von Montaione mehr als 50 Km\u00a0<a href=\"https:\/\/www.ridemontaione.com\/de\/mtb-rennraeder-touren-toskana\/mtb-touren-singletrails-toskana.html\">Mountain Bike Strecken<\/a>\u00a0und Hunderte von Kilometern an\u00a0<a href=\"https:\/\/www.ridemontaione.com\/de\/mtb-rennraeder-touren-toskana\/touren-rennraeder-toskana.html\">wenig befahrenen Asphaltstra\u00dfen die sich bestens f\u00fcr das Rennrad<\/a>\u00a0eignen.<\/p>\n<p><strong>Die Gegend um Montaione ist das &#8222;El Dorado&#8220; des sportlichen Radurlaubs<\/strong>. Die Landschaft, die hier zwischen Erde und Himmel schwebt, macht den Unterschied. Atemberaubende Aussichten, Panoramen wie im Bilderbuch: Die Magie das eigene Rad zwischen 50 und 500 Meter \u00fcber dem Meeresspiegel zu fahren.<\/p>\n<p>Ob Sie mit Ihrem eigenen\u00a0<a href=\"https:\/\/www.ridemontaione.com\/de\/fahrradverleih-toskana.html\">Fahrrad<\/a>\u00a0unterwegs sind oder unseren Verleih-Service genutzt haben, das Gebiet um Montaione und seine phantastische Umgebung zu erkunden\u00a0<strong>bedeutet immer rundum ein Gef\u00fchl von Wohlbefinden zu erleben, in Harmonie mit der Landschaft.<\/strong>\u00a0Vertieft in der Natur k\u00f6nnen Sie die Toskana von einer neuen Seite kennen lernen, evtl. in dem Sie sich eine unserer\u00a0<a href=\"https:\/\/www.ridemontaione.com\/de\/mtb-rennraeder-touren-toskana.html\">Touren<\/a>, die wir \u00fcber das ganze Jahr organisieren, anschlie\u00dfen.<\/p>\n<p>Einen sportlicher Urlaub zu verbringen, in dem man mit dem Fahrrad oder dem Mountain Bike die Umgebung erobert, w\u00e4hrend mit M\u00fche die Gef\u00e4lle besiegt werden, ist die beste Art die traumhaften Gegenden um Montaione zu entdecken. Daf\u00fcr werden Sie mit atemberaubenden, nat\u00fcrlichen Landschaften belohnt, mit der Sicherheit Ihr Ziel erm\u00fcdet aber in Herz und Seele zufrieden zu erreichen.<\/p>\n<p>Mit so vielen Kilometern an reinem Radvergn\u00fcgen zu Verf\u00fcgung, l\u00e4dt RideMontaione.com alle Freunde der Zweir\u00e4der dazu ein, die Gegenden um Montaione und die phantastische Umgebung weit und breit zu erkunden.<\/p>\n<\/div><div class=\"fusion-clearfix\"><\/div><\/div><\/div><\/div><\/div><div class=\"fusion-fullwidth fullwidth-box fusion-builder-row-2 nonhundred-percent-fullwidth non-hundred-percent-height-scrolling\" style=\"--awb-border-radius-top-left:0px;--awb-border-radius-top-right:0px;--awb-border-radius-bottom-right:0px;--awb-border-radius-bottom-left:0px;--awb-flex-wrap:wrap;\" ><div class=\"fusion-builder-row fusion-row\"><div class=\"fusion-layout-column fusion_builder_column fusion-builder-column-1 fusion_builder_column_1_1 1_1 fusion-one-full fusion-column-first fusion-column-last\" style=\"--awb-bg-size:cover;\"><div class=\"fusion-column-wrapper fusion-flex-column-wrapper-legacy\"><!-- Begin Mailchimp Signup Form -->\n<div id=\"mc_embed_signup\"><div class=\"fusion-text fusion-text-2\"><h2 style=\"text-align: center;\">Newsletter anmelden<\/h2>\n<p style=\"text-align: center;\">Geben Sie Ihre E-Mail-Adresse ein und bleiben Sie \u00fcber <strong>Neuigkeiten<\/strong>, <strong>Veranstaltungen<\/strong><br \/>\nund <strong>Werbeaktionen<\/strong> f\u00fcr Mitglieder auf dem Laufenden.<\/p>\n<p style=\"text-align: center;\">Und exklusiv f\u00fcr Sie &#8230; ein <span style=\"color: #333333;\"><strong>SUPER SONDERANGEBOT<\/strong><\/span>, um Ihren n\u00e4chsten Radurlaub zu buchen.<br \/>\n<span style=\"color: #333333;\"><strong>Nur f\u00fcr die ersten 10 Anmeldungen!<\/strong><\/span><\/p>\n<\/div><form action=\"https:\/\/ridemontaione.us8.list-manage.com\/subscribe\/post?u=f56537335046efdf1a273f063&id=5b24f1abcc\" method=\"post\" id=\"mc-embedded-subscribe-form\" name=\"mc-embedded-subscribe-form\" class=\"validate\" target=\"_blank\" novalidate>\n    <div id=\"mc_embed_signup_scroll\">\n\t\n<div class=\"mc-field-group\">\n\t<input type=\"email\" value=\"\" name=\"EMAIL\" class=\"required email\" id=\"mce-EMAIL\" placeholder=\"example@email.com\">\n\t<small>Ich habe <a href=\"https:\/\/www.iubenda.com\/privacy-policy\/91059774\/legal\" target=\"_blank\"><u>die Datenschutzerkl\u00e4rung <\/u>gelesen und stimme damit zu<\/a><br><br><\/small>\n<\/div>\n\t<div id=\"mce-responses\" class=\"clear\">\n\t\t<div class=\"response\" id=\"mce-error-response\" style=\"display:none\"><\/div>\n\t\t<div class=\"response\" id=\"mce-success-response\" style=\"display:none\"><\/div>\n\t<\/div>    <!-- real people should not fill this in and expect good things - do not remove this or risk form bot signups-->\n    <div style=\"position: absolute; left: -5000px;\" aria-hidden=\"true\"><input type=\"text\" name=\"b_f56537335046efdf1a273f063_6c2eef75d1\" tabindex=\"-1\" value=\"\"><\/div>\n    <div class=\"clear\"><input type=\"submit\" value=\"Ich m\u00f6chte die Newsletter bekommen!\" name=\"subscribe\" id=\"mc-embedded-subscribe\" class=\"button\"><\/div>\n    <\/div>\n<\/form>\n<\/div>\n\n<!--End mc_embed_signup--><div class=\"fusion-clearfix\"><\/div><\/div><\/div><\/div><\/div><\/p>\n","protected":false},"excerpt":{"rendered":"","protected":false},"author":4,"featured_media":0,"parent":0,"menu_order":0,"comment_status":"closed","ping_status":"closed","template":"","meta":{"_acf_changed":false,"footnotes":""},"class_list":["post-1970","page","type-page","status-publish","hentry"],"acf":[],"yoast_head":"<!-- This site is optimized with the Yoast SEO plugin v27.1.1 - https:\/\/yoast.com\/product\/yoast-seo-wordpress\/ -->\n<title>Die Umgebung - Ride Montaione<\/title>\n<meta name=\"robots\" content=\"index, follow, max-snippet:-1, max-image-preview:large, max-video-preview:-1\" \/>\n<link rel=\"canonical\" href=\"https:\/\/ridemontaione.com\/de\/die-umgebung\/\" \/>\n<meta property=\"og:locale\" content=\"de_DE\" \/>\n<meta property=\"og:type\" content=\"article\" \/>\n<meta property=\"og:title\" content=\"Die Umgebung - Ride Montaione\" \/>\n<meta property=\"og:url\" content=\"https:\/\/ridemontaione.com\/de\/die-umgebung\/\" \/>\n<meta property=\"og:site_name\" content=\"Ride Montaione\" \/>\n<meta property=\"article:publisher\" content=\"https:\/\/www.facebook.com\/Ridemontaione\/\" \/>\n<meta property=\"article:modified_time\" content=\"2020-04-03T12:22:28+00:00\" \/>\n<meta property=\"og:image\" content=\"https:\/\/ridemontaione.com\/wp-content\/uploads\/2017\/01\/logo.png\" \/>\n\t<meta property=\"og:image:width\" content=\"199\" \/>\n\t<meta property=\"og:image:height\" content=\"98\" \/>\n\t<meta property=\"og:image:type\" content=\"image\/png\" \/>\n<meta name=\"twitter:card\" content=\"summary_large_image\" \/>\n<meta name=\"twitter:label1\" content=\"Gesch\u00e4tzte Lesezeit\" \/>\n\t<meta name=\"twitter:data1\" content=\"6\u00a0Minuten\" \/>\n<script type=\"application\/ld+json\" class=\"yoast-schema-graph\">{\"@context\":\"https:\/\/schema.org\",\"@graph\":[{\"@type\":\"WebPage\",\"@id\":\"https:\/\/ridemontaione.com\/de\/die-umgebung\/\",\"url\":\"https:\/\/ridemontaione.com\/de\/die-umgebung\/\",\"name\":\"Die Umgebung - Ride Montaione\",\"isPartOf\":{\"@id\":\"https:\/\/ridemontaione.com\/de\/#website\"},\"datePublished\":\"2017-03-24T15:22:12+00:00\",\"dateModified\":\"2020-04-03T12:22:28+00:00\",\"breadcrumb\":{\"@id\":\"https:\/\/ridemontaione.com\/de\/die-umgebung\/#breadcrumb\"},\"inLanguage\":\"de\",\"potentialAction\":[{\"@type\":\"ReadAction\",\"target\":[\"https:\/\/ridemontaione.com\/de\/die-umgebung\/\"]}]},{\"@type\":\"BreadcrumbList\",\"@id\":\"https:\/\/ridemontaione.com\/de\/die-umgebung\/#breadcrumb\",\"itemListElement\":[{\"@type\":\"ListItem\",\"position\":1,\"name\":\"Home\",\"item\":\"https:\/\/ridemontaione.com\/de\/\"},{\"@type\":\"ListItem\",\"position\":2,\"name\":\"Die Umgebung\"}]},{\"@type\":\"WebSite\",\"@id\":\"https:\/\/ridemontaione.com\/de\/#website\",\"url\":\"https:\/\/ridemontaione.com\/de\/\",\"name\":\"Ride Montaione\",\"description\":\"The best bike ride\\u0003 in Tuscany - Powered by Scott\",\"publisher\":{\"@id\":\"https:\/\/ridemontaione.com\/de\/#organization\"},\"potentialAction\":[{\"@type\":\"SearchAction\",\"target\":{\"@type\":\"EntryPoint\",\"urlTemplate\":\"https:\/\/ridemontaione.com\/de\/?s={search_term_string}\"},\"query-input\":{\"@type\":\"PropertyValueSpecification\",\"valueRequired\":true,\"valueName\":\"search_term_string\"}}],\"inLanguage\":\"de\"},{\"@type\":\"Organization\",\"@id\":\"https:\/\/ridemontaione.com\/de\/#organization\",\"name\":\"Ridemontaione.com\",\"url\":\"https:\/\/ridemontaione.com\/de\/\",\"logo\":{\"@type\":\"ImageObject\",\"inLanguage\":\"de\",\"@id\":\"https:\/\/ridemontaione.com\/de\/#\/schema\/logo\/image\/\",\"url\":\"https:\/\/ridemontaione.com\/wp-content\/uploads\/2017\/02\/logo-mobile.png\",\"contentUrl\":\"https:\/\/ridemontaione.com\/wp-content\/uploads\/2017\/02\/logo-mobile.png\",\"width\":159,\"height\":78,\"caption\":\"Ridemontaione.com\"},\"image\":{\"@id\":\"https:\/\/ridemontaione.com\/de\/#\/schema\/logo\/image\/\"},\"sameAs\":[\"https:\/\/www.facebook.com\/Ridemontaione\/\",\"https:\/\/www.youtube.com\/channel\/UCn30thBZpWDaTGtxtxtxbog\"]}]}<\/script>\n<!-- \/ Yoast SEO plugin. -->","yoast_head_json":{"title":"Die Umgebung - Ride Montaione","robots":{"index":"index","follow":"follow","max-snippet":"max-snippet:-1","max-image-preview":"max-image-preview:large","max-video-preview":"max-video-preview:-1"},"canonical":"https:\/\/ridemontaione.com\/de\/die-umgebung\/","og_locale":"de_DE","og_type":"article","og_title":"Die Umgebung - Ride Montaione","og_url":"https:\/\/ridemontaione.com\/de\/die-umgebung\/","og_site_name":"Ride Montaione","article_publisher":"https:\/\/www.facebook.com\/Ridemontaione\/","article_modified_time":"2020-04-03T12:22:28+00:00","og_image":[{"width":199,"height":98,"url":"https:\/\/ridemontaione.com\/wp-content\/uploads\/2017\/01\/logo.png","type":"image\/png"}],"twitter_card":"summary_large_image","twitter_misc":{"Gesch\u00e4tzte Lesezeit":"6\u00a0Minuten"},"schema":{"@context":"https:\/\/schema.org","@graph":[{"@type":"WebPage","@id":"https:\/\/ridemontaione.com\/de\/die-umgebung\/","url":"https:\/\/ridemontaione.com\/de\/die-umgebung\/","name":"Die Umgebung - Ride Montaione","isPartOf":{"@id":"https:\/\/ridemontaione.com\/de\/#website"},"datePublished":"2017-03-24T15:22:12+00:00","dateModified":"2020-04-03T12:22:28+00:00","breadcrumb":{"@id":"https:\/\/ridemontaione.com\/de\/die-umgebung\/#breadcrumb"},"inLanguage":"de","potentialAction":[{"@type":"ReadAction","target":["https:\/\/ridemontaione.com\/de\/die-umgebung\/"]}]},{"@type":"BreadcrumbList","@id":"https:\/\/ridemontaione.com\/de\/die-umgebung\/#breadcrumb","itemListElement":[{"@type":"ListItem","position":1,"name":"Home","item":"https:\/\/ridemontaione.com\/de\/"},{"@type":"ListItem","position":2,"name":"Die Umgebung"}]},{"@type":"WebSite","@id":"https:\/\/ridemontaione.com\/de\/#website","url":"https:\/\/ridemontaione.com\/de\/","name":"Ride Montaione","description":"The best bike ride\u0003 in Tuscany - Powered by Scott","publisher":{"@id":"https:\/\/ridemontaione.com\/de\/#organization"},"potentialAction":[{"@type":"SearchAction","target":{"@type":"EntryPoint","urlTemplate":"https:\/\/ridemontaione.com\/de\/?s={search_term_string}"},"query-input":{"@type":"PropertyValueSpecification","valueRequired":true,"valueName":"search_term_string"}}],"inLanguage":"de"},{"@type":"Organization","@id":"https:\/\/ridemontaione.com\/de\/#organization","name":"Ridemontaione.com","url":"https:\/\/ridemontaione.com\/de\/","logo":{"@type":"ImageObject","inLanguage":"de","@id":"https:\/\/ridemontaione.com\/de\/#\/schema\/logo\/image\/","url":"https:\/\/ridemontaione.com\/wp-content\/uploads\/2017\/02\/logo-mobile.png","contentUrl":"https:\/\/ridemontaione.com\/wp-content\/uploads\/2017\/02\/logo-mobile.png","width":159,"height":78,"caption":"Ridemontaione.com"},"image":{"@id":"https:\/\/ridemontaione.com\/de\/#\/schema\/logo\/image\/"},"sameAs":["https:\/\/www.facebook.com\/Ridemontaione\/","https:\/\/www.youtube.com\/channel\/UCn30thBZpWDaTGtxtxtxbog"]}]}},"_links":{"self":[{"href":"https:\/\/ridemontaione.com\/de\/wp-json\/wp\/v2\/pages\/1970","targetHints":{"allow":["GET"]}}],"collection":[{"href":"https:\/\/ridemontaione.com\/de\/wp-json\/wp\/v2\/pages"}],"about":[{"href":"https:\/\/ridemontaione.com\/de\/wp-json\/wp\/v2\/types\/page"}],"author":[{"embeddable":true,"href":"https:\/\/ridemontaione.com\/de\/wp-json\/wp\/v2\/users\/4"}],"replies":[{"embeddable":true,"href":"https:\/\/ridemontaione.com\/de\/wp-json\/wp\/v2\/comments?post=1970"}],"version-history":[{"count":4,"href":"https:\/\/ridemontaione.com\/de\/wp-json\/wp\/v2\/pages\/1970\/revisions"}],"predecessor-version":[{"id":4008,"href":"https:\/\/ridemontaione.com\/de\/wp-json\/wp\/v2\/pages\/1970\/revisions\/4008"}],"wp:attachment":[{"href":"https:\/\/ridemontaione.com\/de\/wp-json\/wp\/v2\/media?parent=1970"}],"curies":[{"name":"wp","href":"https:\/\/api.w.org\/{rel}","templated":true}]}}