{"id":1792,"date":"2017-03-20T11:39:06","date_gmt":"2017-03-20T10:39:06","guid":{"rendered":"https:\/\/ridemontaione.com\/?page_id=1792\/"},"modified":"2020-04-03T14:28:09","modified_gmt":"2020-04-03T12:28:09","slug":"buchen-sie-eine-tour","status":"publish","type":"page","link":"https:\/\/ridemontaione.com\/de\/gefuhrte-touren\/buchen-sie-eine-tour\/","title":{"rendered":"Buchen Sie eine Tour"},"content":{"rendered":"<p><div class=\"fusion-fullwidth fullwidth-box fusion-builder-row-1 nonhundred-percent-fullwidth non-hundred-percent-height-scrolling\" style=\"--awb-border-radius-top-left:0px;--awb-border-radius-top-right:0px;--awb-border-radius-bottom-right:0px;--awb-border-radius-bottom-left:0px;--awb-padding-top:20px;--awb-padding-bottom:20px;--awb-flex-wrap:wrap;\" ><div class=\"fusion-builder-row fusion-row\"><div class=\"fusion-layout-column fusion_builder_column fusion-builder-column-0 fusion_builder_column_1_5 1_5 fusion-one-fifth fusion-column-first\" style=\"--awb-bg-size:cover;width:20%;width:calc(20% - ( ( 4% + 4% ) * 0.2 ) );margin-right: 4%;\"><div class=\"fusion-column-wrapper fusion-flex-column-wrapper-legacy\"><div class=\"fusion-clearfix\"><\/div><\/div><\/div><div class=\"fusion-layout-column fusion_builder_column fusion-builder-column-1 fusion_builder_column_3_5 3_5 fusion-three-fifth\" style=\"--awb-bg-size:cover;width:60%;width:calc(60% - ( ( 4% + 4% ) * 0.6 ) );margin-right: 4%;\"><div class=\"fusion-column-wrapper fusion-flex-column-wrapper-legacy\"><div class=\"fusion-text fusion-text-1\"><ul>\n<li>Bevor Sie eine Tour mit F\u00fchrung buchen kontrollieren Sie bitte die Eigenschaften der Strecke, insbesondere was L\u00e4nge und Schwierigkeit angeht, um sicher zu gehen dass Sie die technischen Voraussetzungen und die n\u00f6tige Kondition haben um die Tour durchzuf\u00fchren.<\/li>\n<li>Wir empfehlen Ihnen die passende Kleidung zu w\u00e4hlen in Bezug auf die Art und Dauer der Strecke und den Wetterverh\u00e4ltnissen. Sandalen und \u00c4hnliches sind nicht erlaubt.<\/li>\n<li>Minderj\u00e4hrige m\u00fcssen von einem Erwachsenen begleitet sein (Elternteil\/Vormund).<\/li>\n<\/ul>\n<hr \/>\n\n<div class=\"wpcf7 no-js\" id=\"wpcf7-f2478-o1\" lang=\"it-IT\" dir=\"ltr\" data-wpcf7-id=\"2478\">\n<div class=\"screen-reader-response\"><p role=\"status\" aria-live=\"polite\" aria-atomic=\"true\"><\/p> <ul><\/ul><\/div>\n<form action=\"\/de\/wp-json\/wp\/v2\/pages\/1792#wpcf7-f2478-o1\" method=\"post\" class=\"wpcf7-form init\" aria-label=\"Modulo di contatto\" novalidate=\"novalidate\" data-status=\"init\">\n<fieldset class=\"hidden-fields-container\"><input type=\"hidden\" name=\"_wpcf7\" value=\"2478\" \/><input type=\"hidden\" name=\"_wpcf7_version\" value=\"6.1.5\" \/><input type=\"hidden\" name=\"_wpcf7_locale\" value=\"it_IT\" \/><input type=\"hidden\" name=\"_wpcf7_unit_tag\" value=\"wpcf7-f2478-o1\" \/><input type=\"hidden\" name=\"_wpcf7_container_post\" value=\"0\" \/><input type=\"hidden\" name=\"_wpcf7_posted_data_hash\" value=\"\" \/><input type=\"hidden\" name=\"_wpcf7_recaptcha_response\" value=\"\" \/>\n<\/fieldset>\n<p>Tour mit F\u00fchrung<br \/>\n<span class=\"wpcf7-form-control-wrap\" data-name=\"tour\"><select class=\"wpcf7-form-control wpcf7-select\" aria-invalid=\"false\" name=\"tour\"><option value=\"Montaione e il suo territorio facile\">Montaione e il suo territorio facile<\/option><option value=\"Montaione e il suo territorio\">Montaione e il suo territorio<\/option><option value=\"Pedalata al tramonto a Montaione (Santuario della Pietrina)\">Pedalata al tramonto a Montaione (Santuario della Pietrina)<\/option><option value=\"Pedalata al tramonto a Montaione (Poggio all\u2019Aglione)\">Pedalata al tramonto a Montaione (Poggio all\u2019Aglione)<\/option><option value=\"La Valdelsa e le colline di Castelfiorentino\">La Valdelsa e le colline di Castelfiorentino<\/option><option value=\"Montespertoli e le strade del vino\">Montespertoli e le strade del vino<\/option><option value=\"Da Montaione a San Gimignano per la Via Francigena\">Da Montaione a San Gimignano per la Via Francigena<\/option><option value=\"Giro tra le colline di San Gimignano\">Giro tra le colline di San Gimignano<\/option><option value=\"San Gimignano Riserva naturale di Castelvecchio\">San Gimignano Riserva naturale di Castelvecchio<\/option><option value=\"Toiano, il paese dimenticato\">Toiano, il paese dimenticato<\/option><option value=\"Volterra e l\u2019antica ferrovia di Saline\">Volterra e l\u2019antica ferrovia di Saline<\/option><option value=\"Monteriggioni e la montagnola senese\">Monteriggioni e la montagnola senese<\/option><\/select><\/span>\n<\/p>\n<p>W\u00e4hlen Sie das Datum der Tour<br \/>\n<span class=\"wpcf7-form-control-wrap\" data-name=\"data-tour\"><input class=\"wpcf7-form-control wpcf7-date wpcf7-validates-as-date\" aria-invalid=\"false\" value=\"\" type=\"date\" name=\"data-tour\" \/><\/span><br \/>\n<small>(Samstag ausgeschlossen)<\/small>\n<\/p>\n<p>Do you want to include a tasting of typical products?<br \/>\n<span class=\"wpcf7-form-control-wrap\" data-name=\"degustazione\"><span class=\"wpcf7-form-control wpcf7-checkbox\"><span class=\"wpcf7-list-item first last\"><input type=\"checkbox\" name=\"degustazione[]\" value=\"si\" \/><span class=\"wpcf7-list-item-label\">si<\/span><\/span><\/span><\/span>\n<\/p>\n<p>Indicates the total number of participants in this tour included you. (max 8 participants)<br \/>\n<span class=\"wpcf7-form-control-wrap\" data-name=\"partecipanti\"><input class=\"wpcf7-form-control wpcf7-number wpcf7-validates-as-number\" aria-invalid=\"false\" value=\"1\" type=\"number\" name=\"partecipanti\" \/><\/span><br \/>\n<small>For groups of more than 8 participants, please write us at tour@ridemontaione.com<\/small>\n<\/p>\n<hr \/>\n<p>Name and Surname<br \/>\n<span class=\"wpcf7-form-control-wrap\" data-name=\"nome\"><input size=\"40\" maxlength=\"400\" class=\"wpcf7-form-control wpcf7-text wpcf7-validates-as-required\" aria-required=\"true\" aria-invalid=\"false\" value=\"\" type=\"text\" name=\"nome\" \/><\/span>\n<\/p>\n<p>Phone number<br \/>\n<span class=\"wpcf7-form-control-wrap\" data-name=\"telefono\"><input size=\"40\" maxlength=\"400\" class=\"wpcf7-form-control wpcf7-tel wpcf7-validates-as-required wpcf7-text wpcf7-validates-as-tel\" aria-required=\"true\" aria-invalid=\"false\" value=\"\" type=\"tel\" name=\"telefono\" \/><\/span>\n<\/p>\n<p>Email<br \/>\n<span class=\"wpcf7-form-control-wrap\" data-name=\"email-referente\"><input size=\"40\" maxlength=\"400\" class=\"wpcf7-form-control wpcf7-email wpcf7-validates-as-required wpcf7-text wpcf7-validates-as-email\" aria-required=\"true\" aria-invalid=\"false\" value=\"\" type=\"email\" name=\"email-referente\" \/><\/span>\n<\/p>\n<p>Wollen Sie unsere Newsletter unterschreiben um immer auf dem Laufenden zu bleiben?<br \/>\n<span class=\"wpcf7-form-control-wrap\" data-name=\"newsletter\"><span class=\"wpcf7-form-control wpcf7-checkbox\"><span class=\"wpcf7-list-item first last\"><input type=\"checkbox\" name=\"newsletter[]\" value=\"yes\" \/><span class=\"wpcf7-list-item-label\">yes<\/span><\/span><\/span><\/span>\n<\/p>\n<p>Additional requests<br \/>\n<span class=\"wpcf7-form-control-wrap\" data-name=\"note\"><textarea cols=\"40\" rows=\"10\" maxlength=\"2000\" class=\"wpcf7-form-control wpcf7-textarea\" aria-invalid=\"false\" name=\"note\"><\/textarea><\/span>\n<\/p>\n<hr \/>\n<p><input class=\"wpcf7-form-control wpcf7-submit has-spinner\" type=\"submit\" value=\"Book a tour\" \/>\n<\/p><div class=\"fusion-alert alert custom alert-custom fusion-alert-center wpcf7-response-output fusion-alert-capitalize awb-alert-native-link-color alert-dismissable awb-alert-close-boxed\" style=\"--awb-border-size:1px;--awb-border-top-left-radius:0px;--awb-border-top-right-radius:0px;--awb-border-bottom-left-radius:0px;--awb-border-bottom-right-radius:0px;\" role=\"alert\"><div class=\"fusion-alert-content-wrapper\"><span class=\"fusion-alert-content\"><\/span><\/div><button type=\"button\" class=\"close toggle-alert\" data-dismiss=\"alert\" aria-label=\"Chiudi\">&times;<\/button><\/div>\n<\/form>\n<\/div>\n\n<\/div><script>\ndocument.addEventListener( 'wpcf7mailsent', function( event ) {\n    location = 'http:\/\/ridemontaione.com\/de\/thank-you\/';\n}, false );\n<\/script><div class=\"fusion-clearfix\"><\/div><\/div><\/div><div class=\"fusion-layout-column fusion_builder_column fusion-builder-column-2 fusion_builder_column_1_5 1_5 fusion-one-fifth fusion-column-last\" style=\"--awb-bg-size:cover;width:20%;width:calc(20% - ( ( 4% + 4% ) * 0.2 ) );\"><div class=\"fusion-column-wrapper fusion-flex-column-wrapper-legacy\"><div class=\"fusion-clearfix\"><\/div><\/div><\/div><\/div><\/div><div class=\"fusion-fullwidth fullwidth-box fusion-builder-row-2 nonhundred-percent-fullwidth non-hundred-percent-height-scrolling\" style=\"--awb-border-radius-top-left:0px;--awb-border-radius-top-right:0px;--awb-border-radius-bottom-right:0px;--awb-border-radius-bottom-left:0px;--awb-flex-wrap:wrap;\" ><div class=\"fusion-builder-row fusion-row\"><div class=\"fusion-layout-column fusion_builder_column fusion-builder-column-3 fusion_builder_column_1_1 1_1 fusion-one-full fusion-column-first fusion-column-last\" style=\"--awb-bg-size:cover;\"><div class=\"fusion-column-wrapper fusion-flex-column-wrapper-legacy\"><!-- Begin Mailchimp Signup Form -->\n<div id=\"mc_embed_signup\"><div class=\"fusion-text fusion-text-2\"><h2 style=\"text-align: center;\">Newsletter anmelden<\/h2>\n<p style=\"text-align: center;\">Geben Sie Ihre E-Mail-Adresse ein und bleiben Sie \u00fcber <strong>Neuigkeiten<\/strong>, <strong>Veranstaltungen<\/strong><br \/>\nund <strong>Werbeaktionen<\/strong> f\u00fcr Mitglieder auf dem Laufenden.<\/p>\n<p style=\"text-align: center;\">Und exklusiv f\u00fcr Sie &#8230; ein <span style=\"color: #333333;\"><strong>SUPER SONDERANGEBOT<\/strong><\/span>, um Ihren n\u00e4chsten Radurlaub zu buchen.<br \/>\n<span style=\"color: #333333;\"><strong>Nur f\u00fcr die ersten 10 Anmeldungen!<\/strong><\/span><\/p>\n<\/div><form action=\"https:\/\/ridemontaione.us8.list-manage.com\/subscribe\/post?u=f56537335046efdf1a273f063&id=5b24f1abcc\" method=\"post\" id=\"mc-embedded-subscribe-form\" name=\"mc-embedded-subscribe-form\" class=\"validate\" target=\"_blank\" novalidate>\n    <div id=\"mc_embed_signup_scroll\">\n\t\n<div class=\"mc-field-group\">\n\t<input type=\"email\" value=\"\" name=\"EMAIL\" class=\"required email\" id=\"mce-EMAIL\" placeholder=\"example@email.com\">\n\t<small>Ich habe <a href=\"https:\/\/www.iubenda.com\/privacy-policy\/91059774\/legal\" target=\"_blank\"><u>die Datenschutzerkl\u00e4rung <\/u>gelesen und stimme damit zu<\/a><br><br><\/small>\n<\/div>\n\t<div id=\"mce-responses\" class=\"clear\">\n\t\t<div class=\"response\" id=\"mce-error-response\" style=\"display:none\"><\/div>\n\t\t<div class=\"response\" id=\"mce-success-response\" style=\"display:none\"><\/div>\n\t<\/div>    <!-- real people should not fill this in and expect good things - do not remove this or risk form bot signups-->\n    <div style=\"position: absolute; left: -5000px;\" aria-hidden=\"true\"><input type=\"text\" name=\"b_f56537335046efdf1a273f063_6c2eef75d1\" tabindex=\"-1\" value=\"\"><\/div>\n    <div class=\"clear\"><input type=\"submit\" value=\"Ich m\u00f6chte die Newsletter bekommen!\" name=\"subscribe\" id=\"mc-embedded-subscribe\" class=\"button\"><\/div>\n    <\/div>\n<\/form>\n<\/div>\n\n<!--End mc_embed_signup--><div class=\"fusion-clearfix\"><\/div><\/div><\/div><\/div><\/div><\/p>\n","protected":false},"excerpt":{"rendered":"","protected":false},"author":1,"featured_media":0,"parent":1864,"menu_order":0,"comment_status":"closed","ping_status":"closed","template":"","meta":{"_acf_changed":false,"footnotes":""},"class_list":["post-1792","page","type-page","status-publish","hentry"],"acf":[],"yoast_head":"<!-- This site is optimized with the Yoast SEO plugin v27.1.1 - https:\/\/yoast.com\/product\/yoast-seo-wordpress\/ -->\n<title>Buchen Sie eine Tour - Ride Montaione<\/title>\n<meta name=\"robots\" content=\"index, follow, max-snippet:-1, max-image-preview:large, max-video-preview:-1\" \/>\n<link rel=\"canonical\" href=\"https:\/\/ridemontaione.com\/de\/gefuhrte-touren\/buchen-sie-eine-tour\/\" \/>\n<meta property=\"og:locale\" content=\"de_DE\" \/>\n<meta property=\"og:type\" content=\"article\" \/>\n<meta property=\"og:title\" content=\"Buchen Sie eine Tour - Ride Montaione\" \/>\n<meta property=\"og:url\" content=\"https:\/\/ridemontaione.com\/de\/gefuhrte-touren\/buchen-sie-eine-tour\/\" \/>\n<meta property=\"og:site_name\" content=\"Ride Montaione\" \/>\n<meta property=\"article:publisher\" content=\"https:\/\/www.facebook.com\/Ridemontaione\/\" \/>\n<meta property=\"article:modified_time\" content=\"2020-04-03T12:28:09+00:00\" \/>\n<meta property=\"og:image\" content=\"https:\/\/ridemontaione.com\/wp-content\/uploads\/2017\/01\/logo.png\" \/>\n\t<meta property=\"og:image:width\" content=\"199\" \/>\n\t<meta property=\"og:image:height\" content=\"98\" \/>\n\t<meta property=\"og:image:type\" content=\"image\/png\" \/>\n<meta name=\"twitter:card\" content=\"summary_large_image\" \/>\n<meta name=\"twitter:label1\" content=\"Gesch\u00e4tzte Lesezeit\" \/>\n\t<meta name=\"twitter:data1\" content=\"4\u00a0Minuten\" \/>\n<script type=\"application\/ld+json\" class=\"yoast-schema-graph\">{\"@context\":\"https:\/\/schema.org\",\"@graph\":[{\"@type\":\"WebPage\",\"@id\":\"https:\/\/ridemontaione.com\/de\/gefuhrte-touren\/buchen-sie-eine-tour\/\",\"url\":\"https:\/\/ridemontaione.com\/de\/gefuhrte-touren\/buchen-sie-eine-tour\/\",\"name\":\"Buchen Sie eine Tour - Ride Montaione\",\"isPartOf\":{\"@id\":\"https:\/\/ridemontaione.com\/de\/#website\"},\"datePublished\":\"2017-03-20T10:39:06+00:00\",\"dateModified\":\"2020-04-03T12:28:09+00:00\",\"breadcrumb\":{\"@id\":\"https:\/\/ridemontaione.com\/de\/gefuhrte-touren\/buchen-sie-eine-tour\/#breadcrumb\"},\"inLanguage\":\"de\",\"potentialAction\":[{\"@type\":\"ReadAction\",\"target\":[\"https:\/\/ridemontaione.com\/de\/gefuhrte-touren\/buchen-sie-eine-tour\/\"]}]},{\"@type\":\"BreadcrumbList\",\"@id\":\"https:\/\/ridemontaione.com\/de\/gefuhrte-touren\/buchen-sie-eine-tour\/#breadcrumb\",\"itemListElement\":[{\"@type\":\"ListItem\",\"position\":1,\"name\":\"Home\",\"item\":\"https:\/\/ridemontaione.com\/de\/\"},{\"@type\":\"ListItem\",\"position\":2,\"name\":\"Gef\u00fchrte Touren\",\"item\":\"https:\/\/ridemontaione.com\/de\/gefuhrte-touren\/\"},{\"@type\":\"ListItem\",\"position\":3,\"name\":\"Buchen Sie eine Tour\"}]},{\"@type\":\"WebSite\",\"@id\":\"https:\/\/ridemontaione.com\/de\/#website\",\"url\":\"https:\/\/ridemontaione.com\/de\/\",\"name\":\"Ride Montaione\",\"description\":\"The best bike ride\\u0003 in Tuscany - Powered by Scott\",\"publisher\":{\"@id\":\"https:\/\/ridemontaione.com\/de\/#organization\"},\"potentialAction\":[{\"@type\":\"SearchAction\",\"target\":{\"@type\":\"EntryPoint\",\"urlTemplate\":\"https:\/\/ridemontaione.com\/de\/?s={search_term_string}\"},\"query-input\":{\"@type\":\"PropertyValueSpecification\",\"valueRequired\":true,\"valueName\":\"search_term_string\"}}],\"inLanguage\":\"de\"},{\"@type\":\"Organization\",\"@id\":\"https:\/\/ridemontaione.com\/de\/#organization\",\"name\":\"Ridemontaione.com\",\"url\":\"https:\/\/ridemontaione.com\/de\/\",\"logo\":{\"@type\":\"ImageObject\",\"inLanguage\":\"de\",\"@id\":\"https:\/\/ridemontaione.com\/de\/#\/schema\/logo\/image\/\",\"url\":\"https:\/\/ridemontaione.com\/wp-content\/uploads\/2017\/02\/logo-mobile.png\",\"contentUrl\":\"https:\/\/ridemontaione.com\/wp-content\/uploads\/2017\/02\/logo-mobile.png\",\"width\":159,\"height\":78,\"caption\":\"Ridemontaione.com\"},\"image\":{\"@id\":\"https:\/\/ridemontaione.com\/de\/#\/schema\/logo\/image\/\"},\"sameAs\":[\"https:\/\/www.facebook.com\/Ridemontaione\/\",\"https:\/\/www.youtube.com\/channel\/UCn30thBZpWDaTGtxtxtxbog\"]}]}<\/script>\n<!-- \/ Yoast SEO plugin. -->","yoast_head_json":{"title":"Buchen Sie eine Tour - Ride Montaione","robots":{"index":"index","follow":"follow","max-snippet":"max-snippet:-1","max-image-preview":"max-image-preview:large","max-video-preview":"max-video-preview:-1"},"canonical":"https:\/\/ridemontaione.com\/de\/gefuhrte-touren\/buchen-sie-eine-tour\/","og_locale":"de_DE","og_type":"article","og_title":"Buchen Sie eine Tour - Ride Montaione","og_url":"https:\/\/ridemontaione.com\/de\/gefuhrte-touren\/buchen-sie-eine-tour\/","og_site_name":"Ride Montaione","article_publisher":"https:\/\/www.facebook.com\/Ridemontaione\/","article_modified_time":"2020-04-03T12:28:09+00:00","og_image":[{"width":199,"height":98,"url":"https:\/\/ridemontaione.com\/wp-content\/uploads\/2017\/01\/logo.png","type":"image\/png"}],"twitter_card":"summary_large_image","twitter_misc":{"Gesch\u00e4tzte Lesezeit":"4\u00a0Minuten"},"schema":{"@context":"https:\/\/schema.org","@graph":[{"@type":"WebPage","@id":"https:\/\/ridemontaione.com\/de\/gefuhrte-touren\/buchen-sie-eine-tour\/","url":"https:\/\/ridemontaione.com\/de\/gefuhrte-touren\/buchen-sie-eine-tour\/","name":"Buchen Sie eine Tour - Ride Montaione","isPartOf":{"@id":"https:\/\/ridemontaione.com\/de\/#website"},"datePublished":"2017-03-20T10:39:06+00:00","dateModified":"2020-04-03T12:28:09+00:00","breadcrumb":{"@id":"https:\/\/ridemontaione.com\/de\/gefuhrte-touren\/buchen-sie-eine-tour\/#breadcrumb"},"inLanguage":"de","potentialAction":[{"@type":"ReadAction","target":["https:\/\/ridemontaione.com\/de\/gefuhrte-touren\/buchen-sie-eine-tour\/"]}]},{"@type":"BreadcrumbList","@id":"https:\/\/ridemontaione.com\/de\/gefuhrte-touren\/buchen-sie-eine-tour\/#breadcrumb","itemListElement":[{"@type":"ListItem","position":1,"name":"Home","item":"https:\/\/ridemontaione.com\/de\/"},{"@type":"ListItem","position":2,"name":"Gef\u00fchrte Touren","item":"https:\/\/ridemontaione.com\/de\/gefuhrte-touren\/"},{"@type":"ListItem","position":3,"name":"Buchen Sie eine Tour"}]},{"@type":"WebSite","@id":"https:\/\/ridemontaione.com\/de\/#website","url":"https:\/\/ridemontaione.com\/de\/","name":"Ride Montaione","description":"The best bike ride\u0003 in Tuscany - Powered by Scott","publisher":{"@id":"https:\/\/ridemontaione.com\/de\/#organization"},"potentialAction":[{"@type":"SearchAction","target":{"@type":"EntryPoint","urlTemplate":"https:\/\/ridemontaione.com\/de\/?s={search_term_string}"},"query-input":{"@type":"PropertyValueSpecification","valueRequired":true,"valueName":"search_term_string"}}],"inLanguage":"de"},{"@type":"Organization","@id":"https:\/\/ridemontaione.com\/de\/#organization","name":"Ridemontaione.com","url":"https:\/\/ridemontaione.com\/de\/","logo":{"@type":"ImageObject","inLanguage":"de","@id":"https:\/\/ridemontaione.com\/de\/#\/schema\/logo\/image\/","url":"https:\/\/ridemontaione.com\/wp-content\/uploads\/2017\/02\/logo-mobile.png","contentUrl":"https:\/\/ridemontaione.com\/wp-content\/uploads\/2017\/02\/logo-mobile.png","width":159,"height":78,"caption":"Ridemontaione.com"},"image":{"@id":"https:\/\/ridemontaione.com\/de\/#\/schema\/logo\/image\/"},"sameAs":["https:\/\/www.facebook.com\/Ridemontaione\/","https:\/\/www.youtube.com\/channel\/UCn30thBZpWDaTGtxtxtxbog"]}]}},"_links":{"self":[{"href":"https:\/\/ridemontaione.com\/de\/wp-json\/wp\/v2\/pages\/1792","targetHints":{"allow":["GET"]}}],"collection":[{"href":"https:\/\/ridemontaione.com\/de\/wp-json\/wp\/v2\/pages"}],"about":[{"href":"https:\/\/ridemontaione.com\/de\/wp-json\/wp\/v2\/types\/page"}],"author":[{"embeddable":true,"href":"https:\/\/ridemontaione.com\/de\/wp-json\/wp\/v2\/users\/1"}],"replies":[{"embeddable":true,"href":"https:\/\/ridemontaione.com\/de\/wp-json\/wp\/v2\/comments?post=1792"}],"version-history":[{"count":5,"href":"https:\/\/ridemontaione.com\/de\/wp-json\/wp\/v2\/pages\/1792\/revisions"}],"predecessor-version":[{"id":4014,"href":"https:\/\/ridemontaione.com\/de\/wp-json\/wp\/v2\/pages\/1792\/revisions\/4014"}],"up":[{"embeddable":true,"href":"https:\/\/ridemontaione.com\/de\/wp-json\/wp\/v2\/pages\/1864"}],"wp:attachment":[{"href":"https:\/\/ridemontaione.com\/de\/wp-json\/wp\/v2\/media?parent=1792"}],"curies":[{"name":"wp","href":"https:\/\/api.w.org\/{rel}","templated":true}]}}